{"id":542,"date":"2021-08-18T21:22:39","date_gmt":"2021-08-18T18:22:39","guid":{"rendered":"https:\/\/www.polarltd.com\/en\/?page_id=542"},"modified":"2021-08-18T21:27:46","modified_gmt":"2021-08-18T18:27:46","slug":"news-activities","status":"publish","type":"page","link":"https:\/\/www.polarltd.com\/en\/news-activities\/","title":{"rendered":"News &#038; Activities"},"content":{"rendered":"\t\t<div data-elementor-type=\"wp-page\" data-elementor-id=\"542\" class=\"elementor elementor-542\">\n\t\t\t\t\t\t\t\t\t<section class=\"elementor-section elementor-top-section elementor-element elementor-element-a7443f8 elementor-section-full_width elementor-section-height-default elementor-section-height-default\" data-id=\"a7443f8\" data-element_type=\"section\">\n\t\t\t\t\t\t<div class=\"elementor-container elementor-column-gap-no\">\n\t\t\t\t\t<div class=\"elementor-column elementor-col-100 elementor-top-column elementor-element elementor-element-99ccf6b\" data-id=\"99ccf6b\" data-element_type=\"column\">\n\t\t\t<div class=\"elementor-widget-wrap elementor-element-populated\">\n\t\t\t\t\t\t\t\t<div class=\"elementor-element elementor-element-db18c7c elementor-align-center elementor-widget elementor-widget-page-header\" data-id=\"db18c7c\" data-element_type=\"widget\" data-widget_type=\"page-header.default\">\n\t\t\t\t<div class=\"elementor-widget-container\">\n\t\t\t\r\n\t\t\t\t<section class=\"page-title-section\" style=\"background-color: #f8f8f8;\r\n\t\tbackground-image: url(https:\/\/www.polarltd.com\/en\/wp-content\/uploads\/2021\/07\/ic-sayfa-bg-4.png);\r\n\t\tcolor: #fff;\">\r\n\t\t\r\n\t\t\t<div class=\"container\">\r\n\r\n\t\t\t\t<div class=\"row\">\r\n\r\n\t\t\t\t\t<div class=\"col-xl-12 text-center\">\r\n\r\n\t\t\t\t\t\t<div class=\"page-title-content\">\r\n\r\n\t\t\t\t\t\t\t\t\t\t\t\t\t\t<h3 class=\"title text-white\">News &amp; Activities\n<\/h3>\r\n\t\t\t\t\t\t\t\r\n\t\t\t\t\t\t\t<nav aria-label=\"breadcrumb\">\r\n\r\n\t\t\t\t\t\t\t\t<ol class=\"breadcrumb\">\r\n\r\n\t\t\t\t\t\t\t\t\t<li class=\"breadcrumb-item\"><a href=\"https:\/\/www.polarltd.com\/en\/\">Home<\/a><\/li>\r\n\r\n\t\t\t\t\t\t\t\t\t\t\t\t\t\t\t\t\t\t<li class=\"breadcrumb-item active\" aria-current=\"page\">News &amp; Activities\n<\/li>\r\n\t\t\t\t\t\t\t\t\t\r\n\t\t\t\t\t\t\t\t<\/ol>\r\n\r\n\t\t\t\t\t\t\t<\/nav>\r\n\r\n\t\t\t\t\t\t<\/div>\r\n\r\n\t\t\t\t\t<\/div>\r\n\r\n\t\t\t\t<\/div>\r\n\r\n\t\t\t<\/div>\r\n\r\n\t\t<\/section>\r\n\r\n\t\t\t<\/div>\n\t\t\t\t<\/div>\n\t\t\t\t\t<\/div>\n\t\t<\/div>\n\t\t\t\t\t\t\t<\/div>\n\t\t<\/section>\n\t\t\t\t<section class=\"elementor-section elementor-top-section elementor-element elementor-element-4b19551 elementor-section-boxed elementor-section-height-default elementor-section-height-default\" data-id=\"4b19551\" data-element_type=\"section\">\n\t\t\t\t\t\t<div class=\"elementor-container elementor-column-gap-default\">\n\t\t\t\t\t<div class=\"elementor-column elementor-col-100 elementor-top-column elementor-element elementor-element-77daf3f\" data-id=\"77daf3f\" data-element_type=\"column\">\n\t\t\t<div class=\"elementor-widget-wrap elementor-element-populated\">\n\t\t\t\t\t\t\t\t<div class=\"elementor-element elementor-element-2992922 elementor-align-left elementor-widget elementor-widget-home-1-blog\" data-id=\"2992922\" data-element_type=\"widget\" data-widget_type=\"home-1-blog.default\">\n\t\t\t\t<div class=\"elementor-widget-container\">\n\t\t\t\r\n\t\t<section class=\"bg-blog pdt-110 pdb-80\">\r\n\r\n\t\t\t<div class=\"section-title mrb-30 mrb-md-60\">\r\n\r\n\t\t\t\t<div class=\"container\">\r\n\r\n\t\t\t\t\t<div class=\"row\">\r\n\r\n\t\t\t\t\t\t<div class=\"col-lg-8 col-xl-6\">\r\n\r\n\t\t\t\t\t\t\t\t\t\t\t\t\t\t<h5 class=\"mrb-15 text-primary-color side-line-left\">Polar Ltd. \u015eti.<\/h5>\r\n\t\t\t\t\t\t\t\r\n\t\t\t\t\t\t\t\t\t\t\t\t\t\t<h2 class=\"mrb-30\">News &amp; Activities\n<\/h2>\r\n\t\t\t\t\t\t\t\r\n\t\t\t\t\t\t<\/div>\r\n\r\n\t\t\t\t\t\t<div class=\"col-lg-4 col-xl-6 align-self-center text-left text-lg-right\">\r\n\r\n\t\t\t\t\t\t\t\t\t\t\t\t\t\t<a href=\"https:\/\/www.polarltd.com\/en\/our-services\/\" class=\"cs-btn-one btn-primary-color btn-md\">Our Services<\/a>\r\n\t\t\t\t\t\t\t\r\n\t\t\t\t\t\t<\/div>\r\n\r\n\t\t\t\t\t<\/div>\r\n\r\n\t\t\t\t<\/div>\r\n\r\n\t\t\t<\/div>\r\n\r\n\t\t\t<div class=\"section-content\">\r\n\r\n\t\t\t\t<div class=\"container\">\r\n\r\n\t\t\t\t\t<div class=\"row justify-content-center\">\r\n\r\n\t\t\t\t\t\t\t\t\t\t\t\t\t<div class=\"col-md-6 col-lg-4 col-xl-4\">\r\n\t\t\t\t\t\t\t\t<div class=\"news-wrapper mrb-30 mrb-sm-40\">\r\n\t\t\t\t\t\t\t\t\t<div class=\"news-thumb\">\r\n\t\t\t\t\t\t\t\t\t\t<img decoding=\"async\" class=\"img-full\" src=\"https:\/\/www.polarltd.com\/en\/wp-content\/uploads\/sites\/2\/2021\/08\/blog-2.png\" alt=\"\">\r\n\t\t\t\t\t\t\t\t\t<\/div>\r\n\t\t\t\t\t\t\t\t\t<div class=\"news-details pdt-25\">\r\n\t\t\t\t\t\t\t\t\t\t<div class=\"news-description mb-20\">\r\n\t\t\t\t\t\t\t\t\t\t\t<div class=\"news-bottom-meta mrb-15\">\r\n\t\t\t\t\t\t\t\t\t\t\t\t<span class=\"entry-author mrr-20\"><i class=\"far fa-user mrr-10 text-primary-color\"><\/i><a href=\"https:\/\/www.polarltd.com\/en\/author\/yonetici\/\" title=\"Posts by Polar\" rel=\"author\">Polar<\/a><\/span>\r\n\t\t\t\t\t\t\t\t\t\t\t\t<span class=\"entry-date\"><i class=\"far fa-calendar-alt mrr-10 text-primary-color\"><\/i>22 August 2021<\/span>\r\n\t\t\t\t\t\t\t\t\t\t\t<\/div>\r\n\t\t\t\t\t\t\t\t\t\t\t<h4 class=\"the-title mrb-20\"><a href=\"https:\/\/www.polarltd.com\/en\/news-content\/\">News<\/a><\/h4>\r\n\t\t\t\t\t\t\t\t\t\t\t<p class=\"the-content\">\t\t\t\t\t\t\t\t\t\t\t\tNews Home News Made in Steel Italy 2021 ExhibitionWe will attend to \u201cMade in...<\/p>\r\n\t\t\t\t\t\t\t\t\t\t\t<\/div>\r\n\t\t\t\t\t\t\t\t\t\t\t<div class=\"news-link\">\r\n\t\t\t\t\t\t\t\t\t\t\t\t<a href=\"https:\/\/www.polarltd.com\/en\/news-content\/\">\t\t\t\t\t\t\t\t\t\t\t\t\tRead more<i class=\"fa fa-angle-right mrl-5\"><\/i><\/a>\r\n\t\t\t\t\t\t\t\t\t\t\t\t<\/div>\r\n\t\t\t\t\t\t\t\t\t\t\t<\/div>\r\n\t\t\t\t\t\t\t\t\t\t<\/div>\r\n\t\t\t\t\t\t\t\t\t<\/div>\r\n\t\t\t\t\t\t\t\t\t\t\t\t\t\t\t<div class=\"col-md-6 col-lg-4 col-xl-4\">\r\n\t\t\t\t\t\t\t\t<div class=\"news-wrapper mrb-30 mrb-sm-40\">\r\n\t\t\t\t\t\t\t\t\t<div class=\"news-thumb\">\r\n\t\t\t\t\t\t\t\t\t\t<img decoding=\"async\" class=\"img-full\" src=\"https:\/\/www.polarltd.com\/en\/wp-content\/uploads\/sites\/2\/2021\/08\/blog-1.png\" alt=\"\">\r\n\t\t\t\t\t\t\t\t\t<\/div>\r\n\t\t\t\t\t\t\t\t\t<div class=\"news-details pdt-25\">\r\n\t\t\t\t\t\t\t\t\t\t<div class=\"news-description mb-20\">\r\n\t\t\t\t\t\t\t\t\t\t\t<div class=\"news-bottom-meta mrb-15\">\r\n\t\t\t\t\t\t\t\t\t\t\t\t<span class=\"entry-author mrr-20\"><i class=\"far fa-user mrr-10 text-primary-color\"><\/i><a href=\"https:\/\/www.polarltd.com\/en\/author\/yonetici\/\" title=\"Posts by Polar\" rel=\"author\">Polar<\/a><\/span>\r\n\t\t\t\t\t\t\t\t\t\t\t\t<span class=\"entry-date\"><i class=\"far fa-calendar-alt mrr-10 text-primary-color\"><\/i>22 August 2021<\/span>\r\n\t\t\t\t\t\t\t\t\t\t\t<\/div>\r\n\t\t\t\t\t\t\t\t\t\t\t<h4 class=\"the-title mrb-20\"><a href=\"https:\/\/www.polarltd.com\/en\/fair-content\/\">Fair<\/a><\/h4>\r\n\t\t\t\t\t\t\t\t\t\t\t<p class=\"the-content\">\t\t\t\t\t\t\t\t\t\t\t\tFair Home Fair Tube Fair (2008-2010-2012-2014-2016-2018-Dusseldorf) Big 5 Fair (2009-Dubai) Project Qatar 2008 Fair...<\/p>\r\n\t\t\t\t\t\t\t\t\t\t\t<\/div>\r\n\t\t\t\t\t\t\t\t\t\t\t<div class=\"news-link\">\r\n\t\t\t\t\t\t\t\t\t\t\t\t<a href=\"https:\/\/www.polarltd.com\/en\/fair-content\/\">\t\t\t\t\t\t\t\t\t\t\t\t\tRead more<i class=\"fa fa-angle-right mrl-5\"><\/i><\/a>\r\n\t\t\t\t\t\t\t\t\t\t\t\t<\/div>\r\n\t\t\t\t\t\t\t\t\t\t\t<\/div>\r\n\t\t\t\t\t\t\t\t\t\t<\/div>\r\n\t\t\t\t\t\t\t\t\t<\/div>\r\n\t\t\t\t\t\t\t\t \r\n\t\t\t\t\t\t\t<\/div>\r\n\t\t\t\t\t\t<\/div>\r\n\t\t\t\t\t<\/div>\r\n\t\t\t\t<\/section>\r\n\r\n\t\t\t<\/div>\n\t\t\t\t<\/div>\n\t\t\t\t\t<\/div>\n\t\t<\/div>\n\t\t\t\t\t\t\t<\/div>\n\t\t<\/section>\n\t\t\t\t\t\t\t<\/div>\n\t\t","protected":false},"excerpt":{"rendered":"<p>News &amp; Activities Home News &amp; Activities Polar Ltd. \u015eti. News &amp; Activities Our Services Polar 23 Haziran 2021 Polar D\u0131\u015f Ticaret Limited \u015eirketi&#8216;e ho\u015f geldiniz. Bu sizin ilk yaz\u0131n\u0131z. Bu yaz\u0131y\u0131 d\u00fczenleyin&#8230; Devam\u0131n\u0131 Oku Polar 11 Ocak 2021 Together made firmament third male greater Lorem ipsum dolor sit amet, consectetur adipisicing elit,&#8230; Devam\u0131n\u0131 Oku [&hellip;]<\/p>\n","protected":false},"author":1,"featured_media":0,"parent":0,"menu_order":0,"comment_status":"closed","ping_status":"closed","template":"elementor_header_footer","meta":[],"yoast_head":"<!-- This site is optimized with the Yoast SEO plugin v20.7 - https:\/\/yoast.com\/wordpress\/plugins\/seo\/ -->\n<title>News &amp; Activities - Polar Foreign Trade Limited Company | Steel Distributor<\/title>\n<meta name=\"robots\" content=\"index, follow, max-snippet:-1, max-image-preview:large, max-video-preview:-1\" \/>\n<link rel=\"canonical\" href=\"https:\/\/www.polarltd.com\/en\/news-activities\/\" \/>\n<meta property=\"og:locale\" content=\"en_US\" \/>\n<meta property=\"og:type\" content=\"article\" \/>\n<meta property=\"og:title\" content=\"News &amp; Activities - Polar Foreign Trade Limited Company | Steel Distributor\" \/>\n<meta property=\"og:description\" content=\"News &amp; Activities Home News &amp; Activities Polar Ltd. \u015eti. News &amp; Activities Our Services Polar 23 Haziran 2021 Polar D\u0131\u015f Ticaret Limited \u015eirketi&#8216;e ho\u015f geldiniz. Bu sizin ilk yaz\u0131n\u0131z. Bu yaz\u0131y\u0131 d\u00fczenleyin&#8230; Devam\u0131n\u0131 Oku Polar 11 Ocak 2021 Together made firmament third male greater Lorem ipsum dolor sit amet, consectetur adipisicing elit,&#8230; Devam\u0131n\u0131 Oku [&hellip;]\" \/>\n<meta property=\"og:url\" content=\"https:\/\/www.polarltd.com\/en\/news-activities\/\" \/>\n<meta property=\"og:site_name\" content=\"Polar Foreign Trade Limited Company | Steel Distributor\" \/>\n<meta property=\"article:modified_time\" content=\"2021-08-18T18:27:46+00:00\" \/>\n<meta name=\"twitter:card\" content=\"summary_large_image\" \/>\n<meta name=\"twitter:site\" content=\"@PolarLimited\" \/>\n<script type=\"application\/ld+json\" class=\"yoast-schema-graph\">{\"@context\":\"https:\/\/schema.org\",\"@graph\":[{\"@type\":\"WebPage\",\"@id\":\"https:\/\/www.polarltd.com\/en\/news-activities\/\",\"url\":\"https:\/\/www.polarltd.com\/en\/news-activities\/\",\"name\":\"News & Activities - Polar Foreign Trade Limited Company | Steel Distributor\",\"isPartOf\":{\"@id\":\"https:\/\/www.polarltd.com\/en\/#website\"},\"datePublished\":\"2021-08-18T18:22:39+00:00\",\"dateModified\":\"2021-08-18T18:27:46+00:00\",\"breadcrumb\":{\"@id\":\"https:\/\/www.polarltd.com\/en\/news-activities\/#breadcrumb\"},\"inLanguage\":\"en-US\",\"potentialAction\":[{\"@type\":\"ReadAction\",\"target\":[\"https:\/\/www.polarltd.com\/en\/news-activities\/\"]}]},{\"@type\":\"BreadcrumbList\",\"@id\":\"https:\/\/www.polarltd.com\/en\/news-activities\/#breadcrumb\",\"itemListElement\":[{\"@type\":\"ListItem\",\"position\":1,\"name\":\"Anasayfa\",\"item\":\"https:\/\/www.polarltd.com\/en\/\"},{\"@type\":\"ListItem\",\"position\":2,\"name\":\"News &#038; Activities\"}]},{\"@type\":\"WebSite\",\"@id\":\"https:\/\/www.polarltd.com\/en\/#website\",\"url\":\"https:\/\/www.polarltd.com\/en\/\",\"name\":\"Polar Foreign Trade Limited Company | Steel Distributor\",\"description\":\"Steel Distributor\",\"publisher\":{\"@id\":\"https:\/\/www.polarltd.com\/en\/#organization\"},\"potentialAction\":[{\"@type\":\"SearchAction\",\"target\":{\"@type\":\"EntryPoint\",\"urlTemplate\":\"https:\/\/www.polarltd.com\/en\/?s={search_term_string}\"},\"query-input\":\"required name=search_term_string\"}],\"inLanguage\":\"en-US\"},{\"@type\":\"Organization\",\"@id\":\"https:\/\/www.polarltd.com\/en\/#organization\",\"name\":\"Polar Foreign Trade Limited Company - Steel Distributor\",\"url\":\"https:\/\/www.polarltd.com\/en\/\",\"logo\":{\"@type\":\"ImageObject\",\"inLanguage\":\"en-US\",\"@id\":\"https:\/\/www.polarltd.com\/en\/#\/schema\/logo\/image\/\",\"url\":\"https:\/\/www.polarltd.com\/en\/wp-content\/uploads\/2021\/07\/polar-logo-2.fw_.png\",\"contentUrl\":\"https:\/\/www.polarltd.com\/en\/wp-content\/uploads\/2021\/07\/polar-logo-2.fw_.png\",\"width\":200,\"height\":101,\"caption\":\"Polar Foreign Trade Limited Company - Steel Distributor\"},\"image\":{\"@id\":\"https:\/\/www.polarltd.com\/en\/#\/schema\/logo\/image\/\"},\"sameAs\":[\"https:\/\/twitter.com\/PolarLimited\",\"https:\/\/www.instagram.com\/polarltd\/\",\"https:\/\/www.linkedin.com\/company\/polarltd\"]}]}<\/script>\n<!-- \/ Yoast SEO plugin. -->","yoast_head_json":{"title":"News & Activities - Polar Foreign Trade Limited Company | Steel Distributor","robots":{"index":"index","follow":"follow","max-snippet":"max-snippet:-1","max-image-preview":"max-image-preview:large","max-video-preview":"max-video-preview:-1"},"canonical":"https:\/\/www.polarltd.com\/en\/news-activities\/","og_locale":"en_US","og_type":"article","og_title":"News & Activities - Polar Foreign Trade Limited Company | Steel Distributor","og_description":"News &amp; Activities Home News &amp; Activities Polar Ltd. \u015eti. News &amp; Activities Our Services Polar 23 Haziran 2021 Polar D\u0131\u015f Ticaret Limited \u015eirketi&#8216;e ho\u015f geldiniz. Bu sizin ilk yaz\u0131n\u0131z. Bu yaz\u0131y\u0131 d\u00fczenleyin&#8230; Devam\u0131n\u0131 Oku Polar 11 Ocak 2021 Together made firmament third male greater Lorem ipsum dolor sit amet, consectetur adipisicing elit,&#8230; Devam\u0131n\u0131 Oku [&hellip;]","og_url":"https:\/\/www.polarltd.com\/en\/news-activities\/","og_site_name":"Polar Foreign Trade Limited Company | Steel Distributor","article_modified_time":"2021-08-18T18:27:46+00:00","twitter_card":"summary_large_image","twitter_site":"@PolarLimited","schema":{"@context":"https:\/\/schema.org","@graph":[{"@type":"WebPage","@id":"https:\/\/www.polarltd.com\/en\/news-activities\/","url":"https:\/\/www.polarltd.com\/en\/news-activities\/","name":"News & Activities - Polar Foreign Trade Limited Company | Steel Distributor","isPartOf":{"@id":"https:\/\/www.polarltd.com\/en\/#website"},"datePublished":"2021-08-18T18:22:39+00:00","dateModified":"2021-08-18T18:27:46+00:00","breadcrumb":{"@id":"https:\/\/www.polarltd.com\/en\/news-activities\/#breadcrumb"},"inLanguage":"en-US","potentialAction":[{"@type":"ReadAction","target":["https:\/\/www.polarltd.com\/en\/news-activities\/"]}]},{"@type":"BreadcrumbList","@id":"https:\/\/www.polarltd.com\/en\/news-activities\/#breadcrumb","itemListElement":[{"@type":"ListItem","position":1,"name":"Anasayfa","item":"https:\/\/www.polarltd.com\/en\/"},{"@type":"ListItem","position":2,"name":"News &#038; Activities"}]},{"@type":"WebSite","@id":"https:\/\/www.polarltd.com\/en\/#website","url":"https:\/\/www.polarltd.com\/en\/","name":"Polar Foreign Trade Limited Company | Steel Distributor","description":"Steel Distributor","publisher":{"@id":"https:\/\/www.polarltd.com\/en\/#organization"},"potentialAction":[{"@type":"SearchAction","target":{"@type":"EntryPoint","urlTemplate":"https:\/\/www.polarltd.com\/en\/?s={search_term_string}"},"query-input":"required name=search_term_string"}],"inLanguage":"en-US"},{"@type":"Organization","@id":"https:\/\/www.polarltd.com\/en\/#organization","name":"Polar Foreign Trade Limited Company - Steel Distributor","url":"https:\/\/www.polarltd.com\/en\/","logo":{"@type":"ImageObject","inLanguage":"en-US","@id":"https:\/\/www.polarltd.com\/en\/#\/schema\/logo\/image\/","url":"https:\/\/www.polarltd.com\/en\/wp-content\/uploads\/2021\/07\/polar-logo-2.fw_.png","contentUrl":"https:\/\/www.polarltd.com\/en\/wp-content\/uploads\/2021\/07\/polar-logo-2.fw_.png","width":200,"height":101,"caption":"Polar Foreign Trade Limited Company - Steel Distributor"},"image":{"@id":"https:\/\/www.polarltd.com\/en\/#\/schema\/logo\/image\/"},"sameAs":["https:\/\/twitter.com\/PolarLimited","https:\/\/www.instagram.com\/polarltd\/","https:\/\/www.linkedin.com\/company\/polarltd"]}]}},"_links":{"self":[{"href":"https:\/\/www.polarltd.com\/en\/wp-json\/wp\/v2\/pages\/542"}],"collection":[{"href":"https:\/\/www.polarltd.com\/en\/wp-json\/wp\/v2\/pages"}],"about":[{"href":"https:\/\/www.polarltd.com\/en\/wp-json\/wp\/v2\/types\/page"}],"author":[{"embeddable":true,"href":"https:\/\/www.polarltd.com\/en\/wp-json\/wp\/v2\/users\/1"}],"replies":[{"embeddable":true,"href":"https:\/\/www.polarltd.com\/en\/wp-json\/wp\/v2\/comments?post=542"}],"version-history":[{"count":0,"href":"https:\/\/www.polarltd.com\/en\/wp-json\/wp\/v2\/pages\/542\/revisions"}],"wp:attachment":[{"href":"https:\/\/www.polarltd.com\/en\/wp-json\/wp\/v2\/media?parent=542"}],"curies":[{"name":"wp","href":"https:\/\/api.w.org\/{rel}","templated":true}]}}