{"id":91,"date":"2021-01-13T02:41:35","date_gmt":"2021-01-12T23:41:35","guid":{"rendered":"https:\/\/shtheme.org\/demosd\/logistek\/?page_id=91"},"modified":"2021-08-26T14:08:54","modified_gmt":"2021-08-26T11:08:54","slug":"produkte","status":"publish","type":"page","link":"https:\/\/www.polarltd.com\/de\/produkte\/","title":{"rendered":"Produkte"},"content":{"rendered":"\t\t<div data-elementor-type=\"wp-page\" data-elementor-id=\"91\" class=\"elementor elementor-91\">\n\t\t\t\t\t\t\t\t\t<section class=\"elementor-section elementor-top-section elementor-element elementor-element-74b1857 elementor-section-full_width elementor-section-height-default elementor-section-height-default\" data-id=\"74b1857\" data-element_type=\"section\">\n\t\t\t\t\t\t<div class=\"elementor-container elementor-column-gap-no\">\n\t\t\t\t\t<div class=\"elementor-column elementor-col-100 elementor-top-column elementor-element elementor-element-6e6cefe\" data-id=\"6e6cefe\" data-element_type=\"column\">\n\t\t\t<div class=\"elementor-widget-wrap elementor-element-populated\">\n\t\t\t\t\t\t\t\t<div class=\"elementor-element elementor-element-1ce9840 elementor-align-left elementor-widget elementor-widget-page-header\" data-id=\"1ce9840\" data-element_type=\"widget\" data-widget_type=\"page-header.default\">\n\t\t\t\t<div class=\"elementor-widget-container\">\n\t\t\t\r\n\t\t\t\t<section class=\"page-title-section\" style=\"background-color: #f8f8f8;\r\n\t\tbackground-image: url(https:\/\/www.polarltd.com\/de\/wp-content\/uploads\/2021\/07\/ic-sayfa-bg-5.png);\r\n\t\tcolor: #fff;\">\r\n\t\t\r\n\t\t\t<div class=\"container\">\r\n\r\n\t\t\t\t<div class=\"row\">\r\n\r\n\t\t\t\t\t<div class=\"col-xl-12 text-center\">\r\n\r\n\t\t\t\t\t\t<div class=\"page-title-content\">\r\n\r\n\t\t\t\t\t\t\t\t\t\t\t\t\t\t<h3 class=\"title text-white\">Produkte<\/h3>\r\n\t\t\t\t\t\t\t\r\n\t\t\t\t\t\t\t<nav aria-label=\"breadcrumb\">\r\n\r\n\t\t\t\t\t\t\t\t<ol class=\"breadcrumb\">\r\n\r\n\t\t\t\t\t\t\t\t\t<li class=\"breadcrumb-item\"><a href=\"https:\/\/www.polarltd.com\/de\/\">Home<\/a><\/li>\r\n\r\n\t\t\t\t\t\t\t\t\t\t\t\t\t\t\t\t\t\t<li class=\"breadcrumb-item active\" aria-current=\"page\">Produkte<\/li>\r\n\t\t\t\t\t\t\t\t\t\r\n\t\t\t\t\t\t\t\t<\/ol>\r\n\r\n\t\t\t\t\t\t\t<\/nav>\r\n\r\n\t\t\t\t\t\t<\/div>\r\n\r\n\t\t\t\t\t<\/div>\r\n\r\n\t\t\t\t<\/div>\r\n\r\n\t\t\t<\/div>\r\n\r\n\t\t<\/section>\r\n\r\n\t\t\t<\/div>\n\t\t\t\t<\/div>\n\t\t\t\t\t<\/div>\n\t\t<\/div>\n\t\t\t\t\t\t\t<\/div>\n\t\t<\/section>\n\t\t\t\t<section class=\"elementor-section elementor-top-section elementor-element elementor-element-a8d4271 elementor-section-full_width elementor-section-height-default elementor-section-height-default\" data-id=\"a8d4271\" data-element_type=\"section\">\n\t\t\t\t\t\t<div class=\"elementor-container elementor-column-gap-no\">\n\t\t\t\t\t<div class=\"elementor-column elementor-col-100 elementor-top-column elementor-element elementor-element-e6997cf\" data-id=\"e6997cf\" data-element_type=\"column\">\n\t\t\t<div class=\"elementor-widget-wrap elementor-element-populated\">\n\t\t\t\t\t\t\t\t<div class=\"elementor-element elementor-element-bd509d0 elementor-widget elementor-widget-html\" data-id=\"bd509d0\" data-element_type=\"widget\" data-widget_type=\"html.default\">\n\t\t\t\t<div class=\"elementor-widget-container\">\n\t\t\t<section class=\"elementor-section elementor-top-section elementor-element elementor-element-d6ef81d elementor-section-full_width elementor-section-height-default elementor-section-height-default\" data-id=\"d6ef81d\" data-element_type=\"section\">\r\n\t\t\t\t\t\t<div class=\"elementor-container elementor-column-gap-no\">\r\n\t\t\t\t\t<div class=\"elementor-column elementor-col-100 elementor-top-column elementor-element elementor-element-14e0425\" data-id=\"14e0425\" data-element_type=\"column\">\r\n\t\t\t<div class=\"elementor-widget-wrap elementor-element-populated\">\r\n\t\t\t\t\t\t\t\t<div class=\"elementor-element elementor-element-4d3dbb1 elementor-align-left elementor-widget elementor-widget-pages-services\" data-id=\"4d3dbb1\" data-element_type=\"widget\" data-widget_type=\"pages-services.default\">\r\n\t\t\t\t<div class=\"elementor-widget-container\">\r\n\t\t\t\r\n\t\t<section class=\"service-content-area pdt-110 pdb-80\">\r\n\r\n\t\t\t<div class=\"section-content\">\r\n\r\n\t\t\t\t<div class=\"container\">\r\n\r\n\t\t\t\t\t<div class=\"row justify-content-center\">\r\n\r\n\t\t\t\t\t\t\r\n\t\t\t\t\t\t\t<div class=\"col-xl-4 col-lg-6\">\r\n\r\n\t\t\t\t\t\t\t\t<div class=\"service-item-box mrb-30\">\r\n\r\n\t\t\t\t\t\t\t\t\t<div class=\"service-item-thumb\">\r\n\r\n\t\t\t\t\t\t\t\t\t\t<img decoding=\"async\" class=\"img-full\" src=\"https:\/\/www.polarltd.com\/wp-content\/uploads\/2021\/08\/yassi-urunler-giris.png\" alt=\"\">\r\n\r\n\t\t\t\t\t\t\t\t\t\t<div class=\"service-item-icon\">\r\n\r\n\t\t\t\t\t\t\t\t\t\t\t<i class=\"fas fa-industry\"><\/i>\r\n\r\n\t\t\t\t\t\t\t\t\t\t<\/div>\r\n\r\n\t\t\t\t\t\t\t\t\t<\/div>\r\n\r\n\t\t\t\t\t\t\t\t\t<div class=\"service-item-content\">\r\n\r\n\t\t\t\t\t\t\t\t\t\t<div class=\"service-item-title\">\r\n\r\n\t\t\t\t\t\t\t\t\t\t\t<a href=\"https:\/\/www.polarltd.com\/de\/service\/flachprodukte\/\"><h3 class=\"mrb-15\">Flachprodukte<\/h3><\/a>\r\n\r\n\t\t\t\t\t\t\t\t\t\t<\/div>\r\n\r\n\t\t\t\t\t\t\t\t\t\t<div class=\"service-item-para\">\r\n\r\n\t\t\t\t\t\t\t\t\t\t\t<p>Warmgewalzte legierte oder unlegierte Stahlbleche, Bleche vom Coil Flachstahl, kaltgewalzt...<\/p>\r\n\r\n\t\t\t\t\t\t\t\t\t\t<\/div>\r\n\r\n\t\t\t\t\t\t\t\t\t\t<div class=\"service-item-link\">\r\n\r\n\t\t\t\t\t\t\t\t\t\t\t<a class=\"text-uppercase text-primary-color\" href=\"https:\/\/www.polarltd.com\/de\/service\/flachprodukte\/\">Read More<\/a>\r\n\r\n\t\t\t\t\t\t\t\t\t\t<\/div>\r\n\r\n\t\t\t\t\t\t\t\t\t<\/div>\r\n\r\n\t\t\t\t\t\t\t\t<\/div>\r\n\r\n\t\t\t\t\t\t\t<\/div>\r\n\r\n\r\n\t\t\t\t\t\t\r\n\t\t\t\t\t\t\t<div class=\"col-xl-4 col-lg-6\">\r\n\r\n\t\t\t\t\t\t\t\t<div class=\"service-item-box mrb-30\">\r\n\r\n\t\t\t\t\t\t\t\t\t<div class=\"service-item-thumb\">\r\n\r\n\t\t\t\t\t\t\t\t\t\t<img decoding=\"async\" class=\"img-full\" src=\"https:\/\/www.polarltd.com\/wp-content\/uploads\/2021\/08\/uzun-urunler-giris.png\" alt=\"\">\r\n\r\n\t\t\t\t\t\t\t\t\t\t<div class=\"service-item-icon\">\r\n\r\n\t\t\t\t\t\t\t\t\t\t\t<i class=\"fas fa-industry\"><\/i>\r\n\r\n\t\t\t\t\t\t\t\t\t\t<\/div>\r\n\r\n\t\t\t\t\t\t\t\t\t<\/div>\r\n\r\n\t\t\t\t\t\t\t\t\t<div class=\"service-item-content\">\r\n\r\n\t\t\t\t\t\t\t\t\t\t<div class=\"service-item-title\">\r\n\r\n\t\t\t\t\t\t\t\t\t\t\t<a href=\"https:\/\/www.polarltd.com\/de\/service\/langprodukte\/\"><h3 class=\"mrb-15\">Langprodukte<\/h3><\/a>\r\n\r\n\t\t\t\t\t\t\t\t\t\t<\/div>\r\n\r\n\t\t\t\t\t\t\t\t\t\t<div class=\"service-item-para\">\r\n\r\n\t\t\t\t\t\t\t\t\t\t\t<p>Alle Arten von gleichen\/ungleichen Winkeln, Profilen, Rund- und Flachst\u00e4ben<\/p>\r\n\r\n\t\t\t\t\t\t\t\t\t\t<\/div>\r\n\r\n\t\t\t\t\t\t\t\t\t\t<div class=\"service-item-link\">\r\n\r\n\t\t\t\t\t\t\t\t\t\t\t<a class=\"text-uppercase text-primary-color\" href=\"https:\/\/www.polarltd.com\/de\/service\/langprodukte\/\">Read More<\/a>\r\n\r\n\t\t\t\t\t\t\t\t\t\t<\/div>\r\n\r\n\t\t\t\t\t\t\t\t\t<\/div>\r\n\r\n\t\t\t\t\t\t\t\t<\/div>\r\n\r\n\t\t\t\t\t\t\t<\/div>\r\n\r\n\t\t\t\t\t\t \r\n\t\t\t\t\t\t\t<div class=\"col-xl-4 col-lg-6\">\r\n\r\n\t\t\t\t\t\t\t\t<div class=\"service-item-box mrb-30\">\r\n\r\n\t\t\t\t\t\t\t\t\t<div class=\"service-item-thumb\">\r\n\r\n\t\t\t\t\t\t\t\t\t\t<img decoding=\"async\" class=\"img-full\" src=\"https:\/\/www.polarltd.com\/wp-content\/uploads\/2021\/07\/urunler-2.png\" alt=\"\">\r\n\r\n\t\t\t\t\t\t\t\t\t\t<div class=\"service-item-icon\">\r\n\r\n\t\t\t\t\t\t\t\t\t\t\t<i class=\"fas fa-industry\"><\/i>\r\n\r\n\t\t\t\t\t\t\t\t\t\t<\/div>\r\n\r\n\t\t\t\t\t\t\t\t\t<\/div>\r\n\r\n\t\t\t\t\t\t\t\t\t<div class=\"service-item-content\">\r\n\r\n\t\t\t\t\t\t\t\t\t\t<div class=\"service-item-title\">\r\n\r\n\t\t\t\t\t\t\t\t\t\t\t<a href=\"https:\/\/www.polarltd.com\/de\/service\/rohre-profile-und-fittings\/\"><h3 class=\"mrb-15\">Rohre, Profile und Fittings<\/h3><\/a>\r\n\r\n\t\t\t\t\t\t\t\t\t\t<\/div>\r\n\r\n\t\t\t\t\t\t\t\t\t\t<div class=\"service-item-para\">\r\n\r\n\t\t\t\t\t\t\t\t\t\t\t<p>Alle Arten von legierten\/unlegierten nahtlosen\/l\u00e4ngsnahtgeschwei\u00dften...<\/p>\r\n\r\n\t\t\t\t\t\t\t\t\t\t<\/div>\r\n\r\n\t\t\t\t\t\t\t\t\t\t<div class=\"service-item-link\">\r\n\r\n\t\t\t\t\t\t\t\t\t\t\t<a class=\"text-uppercase text-primary-color\" href=\"https:\/\/www.polarltd.com\/de\/service\/rohre-profile-und-fittings\/\">Read More<\/a>\r\n\r\n\t\t\t\t\t\t\t\t\t\t<\/div>\r\n\r\n\t\t\t\t\t\t\t\t\t<\/div>\r\n\r\n\t\t\t\t\t\t\t\t<\/div>\r\n\r\n\t\t\t\t\t\t\t<\/div>\t\t\t\t\t\t \r\n\t\t\t\t\t\t \r\n\r\n\t\t\t\t\t<\/div>\r\n\r\n\t\t\t\t<\/div>\r\n\r\n\t\t\t<\/div>\r\n\r\n\t\t<\/section>\r\n\r\n\t\t\t<\/div>\r\n\t\t\t\t<\/div>\r\n\t\t\t\t\t<\/div>\r\n\t\t<\/div>\r\n\t\t\t\t\t\t\t<\/div>\r\n\t\t<\/section>\t\t<\/div>\n\t\t\t\t<\/div>\n\t\t\t\t\t<\/div>\n\t\t<\/div>\n\t\t\t\t\t\t\t<\/div>\n\t\t<\/section>\n\t\t\t\t<section class=\"elementor-section elementor-top-section elementor-element elementor-element-5cea707 elementor-section-boxed elementor-section-height-default elementor-section-height-default\" data-id=\"5cea707\" data-element_type=\"section\" data-settings=\"{&quot;background_background&quot;:&quot;classic&quot;}\">\n\t\t\t\t\t\t<div class=\"elementor-container elementor-column-gap-default\">\n\t\t\t\t\t<div class=\"elementor-column elementor-col-100 elementor-top-column elementor-element elementor-element-25d57fc\" data-id=\"25d57fc\" data-element_type=\"column\">\n\t\t\t<div class=\"elementor-widget-wrap elementor-element-populated\">\n\t\t\t\t\t\t\t\t<div class=\"elementor-element elementor-element-b0a9679 elementor-widget elementor-widget-spacer\" data-id=\"b0a9679\" data-element_type=\"widget\" data-widget_type=\"spacer.default\">\n\t\t\t\t<div class=\"elementor-widget-container\">\n\t\t\t\t\t<div class=\"elementor-spacer\">\n\t\t\t<div class=\"elementor-spacer-inner\"><\/div>\n\t\t<\/div>\n\t\t\t\t<\/div>\n\t\t\t\t<\/div>\n\t\t\t\t<div class=\"elementor-element elementor-element-1d9708d elementor-widget elementor-widget-heading\" data-id=\"1d9708d\" data-element_type=\"widget\" data-widget_type=\"heading.default\">\n\t\t\t\t<div class=\"elementor-widget-container\">\n\t\t\t<h3 class=\"elementor-heading-title elementor-size-default\">T\u00fcrkei Aktien<\/h3>\t\t<\/div>\n\t\t\t\t<\/div>\n\t\t\t\t<div class=\"elementor-element elementor-element-89d2f48 elementor-widget elementor-widget-text-editor\" data-id=\"89d2f48\" data-element_type=\"widget\" data-widget_type=\"text-editor.default\">\n\t\t\t\t<div class=\"elementor-widget-container\">\n\t\t\t\t\t\t\t<p class=\"228bf8a64b8551e1MsoNormal\"><span lang=\"DE\">In unserem Gebze-Lager in der T\u00fcrkei haben wir 6500 Tonnen Stahlblech erster Qualit\u00e4t italienischer Herkunft. <\/span><span lang=\"DE\">S 355J2+N\/S 355K2+N dual zertifiziert, US-Test EN 10160 S2E2 oder S2E3, EN 10204\/3.1, 1. Qualit\u00e4t, italienischer Ursprung, Dicken von 10 mm bis 200 mm 10 \u2013 200 mm x 2000\/2500 mm x 6000 \/ 8000 \/ 12000 mm <\/span><span lang=\"DE\">S 355 NL-Klasse, US-Pr\u00fcfung EN 10160 S2E2 oder S2E3, EN 10204\/3.1, 1. Qualit\u00e4t, italienischer Ursprung, Dicken von 25 mm bis 130 mm 25 \u2013 130 mm x 2000\/2500 mm x 6000 \/ 8000 \/ 12000 mm <\/span><span lang=\"DE\">S 355 J0WP Klasse, 3-20x1500XL mm, EU-Ursprung, Cortenblech von Coil.<\/span><\/p>\t\t\t\t\t\t<\/div>\n\t\t\t\t<\/div>\n\t\t\t\t<div class=\"elementor-element elementor-element-851fa27 elementor-widget elementor-widget-button\" data-id=\"851fa27\" data-element_type=\"widget\" data-widget_type=\"button.default\">\n\t\t\t\t<div class=\"elementor-widget-container\">\n\t\t\t\t\t<div class=\"elementor-button-wrapper\">\n\t\t\t<a href=\"https:\/\/www.polarltd.com\/de\/kontakt\/\" class=\"elementor-button-link elementor-button elementor-size-md\" role=\"button\">\n\t\t\t\t\t\t<span class=\"elementor-button-content-wrapper\">\n\t\t\t\t\t\t\t<span class=\"elementor-button-icon elementor-align-icon-left\">\n\t\t\t\t<i aria-hidden=\"true\" class=\"fas fa-envelope\"><\/i>\t\t\t<\/span>\n\t\t\t\t\t\t<span class=\"elementor-button-text\">Kontakt<\/span>\n\t\t<\/span>\n\t\t\t\t\t<\/a>\n\t\t<\/div>\n\t\t\t\t<\/div>\n\t\t\t\t<\/div>\n\t\t\t\t<div class=\"elementor-element elementor-element-bc7e0c5 elementor-widget elementor-widget-spacer\" data-id=\"bc7e0c5\" data-element_type=\"widget\" data-widget_type=\"spacer.default\">\n\t\t\t\t<div class=\"elementor-widget-container\">\n\t\t\t\t\t<div class=\"elementor-spacer\">\n\t\t\t<div class=\"elementor-spacer-inner\"><\/div>\n\t\t<\/div>\n\t\t\t\t<\/div>\n\t\t\t\t<\/div>\n\t\t\t\t\t<\/div>\n\t\t<\/div>\n\t\t\t\t\t\t\t<\/div>\n\t\t<\/section>\n\t\t\t\t\t\t\t<\/div>\n\t\t","protected":false},"excerpt":{"rendered":"<p>Produkte Home Produkte Flachprodukte Warmgewalzte legierte oder unlegierte Stahlbleche, Bleche vom Coil Flachstahl, kaltgewalzt&#8230; Read More Langprodukte Alle Arten von gleichen\/ungleichen Winkeln, Profilen, Rund- und Flachst\u00e4ben Read More Rohre, Profile und Fittings Alle Arten von legierten\/unlegierten nahtlosen\/l\u00e4ngsnahtgeschwei\u00dften&#8230; Read More T\u00fcrkei Aktien In unserem Gebze-Lager in der T\u00fcrkei haben wir 6500 Tonnen Stahlblech erster Qualit\u00e4t italienischer [&hellip;]<\/p>\n","protected":false},"author":1,"featured_media":0,"parent":0,"menu_order":0,"comment_status":"closed","ping_status":"closed","template":"page-templates\/home.php","meta":[],"yoast_head":"<!-- This site is optimized with the Yoast SEO plugin v20.7 - https:\/\/yoast.com\/wordpress\/plugins\/seo\/ -->\n<title>Produkte - Polar Foreign Trade Limited Kompanie | Stahlh\u00e4ndler<\/title>\n<meta name=\"robots\" content=\"index, follow, max-snippet:-1, max-image-preview:large, max-video-preview:-1\" \/>\n<link rel=\"canonical\" href=\"https:\/\/www.polarltd.com\/de\/produkte\/\" \/>\n<meta property=\"og:locale\" content=\"de_DE\" \/>\n<meta property=\"og:type\" content=\"article\" \/>\n<meta property=\"og:title\" content=\"Produkte - Polar Foreign Trade Limited Kompanie | Stahlh\u00e4ndler\" \/>\n<meta property=\"og:description\" content=\"Produkte Home Produkte Flachprodukte Warmgewalzte legierte oder unlegierte Stahlbleche, Bleche vom Coil Flachstahl, kaltgewalzt&#8230; Read More Langprodukte Alle Arten von gleichen\/ungleichen Winkeln, Profilen, Rund- und Flachst\u00e4ben Read More Rohre, Profile und Fittings Alle Arten von legierten\/unlegierten nahtlosen\/l\u00e4ngsnahtgeschwei\u00dften&#8230; Read More T\u00fcrkei Aktien In unserem Gebze-Lager in der T\u00fcrkei haben wir 6500 Tonnen Stahlblech erster Qualit\u00e4t italienischer [&hellip;]\" \/>\n<meta property=\"og:url\" content=\"https:\/\/www.polarltd.com\/de\/produkte\/\" \/>\n<meta property=\"og:site_name\" content=\"Polar Foreign Trade Limited Kompanie | Stahlh\u00e4ndler\" \/>\n<meta property=\"article:modified_time\" content=\"2021-08-26T11:08:54+00:00\" \/>\n<meta property=\"og:image\" content=\"https:\/\/www.polarltd.com\/wp-content\/uploads\/2021\/08\/yassi-urunler-giris.png\" \/>\n<meta name=\"twitter:card\" content=\"summary_large_image\" \/>\n<meta name=\"twitter:site\" content=\"@PolarLimited\" \/>\n<meta name=\"twitter:label1\" content=\"Gesch\u00e4tzte Lesezeit\" \/>\n\t<meta name=\"twitter:data1\" content=\"1\u00a0Minute\" \/>\n<script type=\"application\/ld+json\" class=\"yoast-schema-graph\">{\"@context\":\"https:\/\/schema.org\",\"@graph\":[{\"@type\":\"WebPage\",\"@id\":\"https:\/\/www.polarltd.com\/de\/produkte\/\",\"url\":\"https:\/\/www.polarltd.com\/de\/produkte\/\",\"name\":\"Produkte - Polar Foreign Trade Limited Kompanie | Stahlh\u00e4ndler\",\"isPartOf\":{\"@id\":\"https:\/\/www.polarltd.com\/de\/#website\"},\"datePublished\":\"2021-01-12T23:41:35+00:00\",\"dateModified\":\"2021-08-26T11:08:54+00:00\",\"breadcrumb\":{\"@id\":\"https:\/\/www.polarltd.com\/de\/produkte\/#breadcrumb\"},\"inLanguage\":\"de\",\"potentialAction\":[{\"@type\":\"ReadAction\",\"target\":[\"https:\/\/www.polarltd.com\/de\/produkte\/\"]}]},{\"@type\":\"BreadcrumbList\",\"@id\":\"https:\/\/www.polarltd.com\/de\/produkte\/#breadcrumb\",\"itemListElement\":[{\"@type\":\"ListItem\",\"position\":1,\"name\":\"Anasayfa\",\"item\":\"https:\/\/www.polarltd.com\/de\/\"},{\"@type\":\"ListItem\",\"position\":2,\"name\":\"Produkte\"}]},{\"@type\":\"WebSite\",\"@id\":\"https:\/\/www.polarltd.com\/de\/#website\",\"url\":\"https:\/\/www.polarltd.com\/de\/\",\"name\":\"Polar Foreign Trade Limited Kompanie | Stahlh\u00e4ndler\",\"description\":\"Stahlh\u00e4ndler\",\"publisher\":{\"@id\":\"https:\/\/www.polarltd.com\/de\/#organization\"},\"potentialAction\":[{\"@type\":\"SearchAction\",\"target\":{\"@type\":\"EntryPoint\",\"urlTemplate\":\"https:\/\/www.polarltd.com\/de\/?s={search_term_string}\"},\"query-input\":\"required name=search_term_string\"}],\"inLanguage\":\"de\"},{\"@type\":\"Organization\",\"@id\":\"https:\/\/www.polarltd.com\/de\/#organization\",\"name\":\"Polar Foreign Trade Limited Kompanie - Stahlh\u00e4ndler\",\"url\":\"https:\/\/www.polarltd.com\/de\/\",\"logo\":{\"@type\":\"ImageObject\",\"inLanguage\":\"de\",\"@id\":\"https:\/\/www.polarltd.com\/de\/#\/schema\/logo\/image\/\",\"url\":\"https:\/\/www.polarltd.com\/de\/wp-content\/uploads\/2021\/07\/polar-logo-2.fw_.png\",\"contentUrl\":\"https:\/\/www.polarltd.com\/de\/wp-content\/uploads\/2021\/07\/polar-logo-2.fw_.png\",\"width\":200,\"height\":101,\"caption\":\"Polar Foreign Trade Limited Kompanie - Stahlh\u00e4ndler\"},\"image\":{\"@id\":\"https:\/\/www.polarltd.com\/de\/#\/schema\/logo\/image\/\"},\"sameAs\":[\"https:\/\/twitter.com\/PolarLimited\",\"https:\/\/www.instagram.com\/polarltd\/\",\"https:\/\/www.linkedin.com\/company\/polarltd\"]}]}<\/script>\n<!-- \/ Yoast SEO plugin. -->","yoast_head_json":{"title":"Produkte - Polar Foreign Trade Limited Kompanie | Stahlh\u00e4ndler","robots":{"index":"index","follow":"follow","max-snippet":"max-snippet:-1","max-image-preview":"max-image-preview:large","max-video-preview":"max-video-preview:-1"},"canonical":"https:\/\/www.polarltd.com\/de\/produkte\/","og_locale":"de_DE","og_type":"article","og_title":"Produkte - Polar Foreign Trade Limited Kompanie | Stahlh\u00e4ndler","og_description":"Produkte Home Produkte Flachprodukte Warmgewalzte legierte oder unlegierte Stahlbleche, Bleche vom Coil Flachstahl, kaltgewalzt&#8230; Read More Langprodukte Alle Arten von gleichen\/ungleichen Winkeln, Profilen, Rund- und Flachst\u00e4ben Read More Rohre, Profile und Fittings Alle Arten von legierten\/unlegierten nahtlosen\/l\u00e4ngsnahtgeschwei\u00dften&#8230; Read More T\u00fcrkei Aktien In unserem Gebze-Lager in der T\u00fcrkei haben wir 6500 Tonnen Stahlblech erster Qualit\u00e4t italienischer [&hellip;]","og_url":"https:\/\/www.polarltd.com\/de\/produkte\/","og_site_name":"Polar Foreign Trade Limited Kompanie | Stahlh\u00e4ndler","article_modified_time":"2021-08-26T11:08:54+00:00","og_image":[{"url":"https:\/\/www.polarltd.com\/wp-content\/uploads\/2021\/08\/yassi-urunler-giris.png"}],"twitter_card":"summary_large_image","twitter_site":"@PolarLimited","twitter_misc":{"Gesch\u00e4tzte Lesezeit":"1\u00a0Minute"},"schema":{"@context":"https:\/\/schema.org","@graph":[{"@type":"WebPage","@id":"https:\/\/www.polarltd.com\/de\/produkte\/","url":"https:\/\/www.polarltd.com\/de\/produkte\/","name":"Produkte - Polar Foreign Trade Limited Kompanie | Stahlh\u00e4ndler","isPartOf":{"@id":"https:\/\/www.polarltd.com\/de\/#website"},"datePublished":"2021-01-12T23:41:35+00:00","dateModified":"2021-08-26T11:08:54+00:00","breadcrumb":{"@id":"https:\/\/www.polarltd.com\/de\/produkte\/#breadcrumb"},"inLanguage":"de","potentialAction":[{"@type":"ReadAction","target":["https:\/\/www.polarltd.com\/de\/produkte\/"]}]},{"@type":"BreadcrumbList","@id":"https:\/\/www.polarltd.com\/de\/produkte\/#breadcrumb","itemListElement":[{"@type":"ListItem","position":1,"name":"Anasayfa","item":"https:\/\/www.polarltd.com\/de\/"},{"@type":"ListItem","position":2,"name":"Produkte"}]},{"@type":"WebSite","@id":"https:\/\/www.polarltd.com\/de\/#website","url":"https:\/\/www.polarltd.com\/de\/","name":"Polar Foreign Trade Limited Kompanie | Stahlh\u00e4ndler","description":"Stahlh\u00e4ndler","publisher":{"@id":"https:\/\/www.polarltd.com\/de\/#organization"},"potentialAction":[{"@type":"SearchAction","target":{"@type":"EntryPoint","urlTemplate":"https:\/\/www.polarltd.com\/de\/?s={search_term_string}"},"query-input":"required name=search_term_string"}],"inLanguage":"de"},{"@type":"Organization","@id":"https:\/\/www.polarltd.com\/de\/#organization","name":"Polar Foreign Trade Limited Kompanie - Stahlh\u00e4ndler","url":"https:\/\/www.polarltd.com\/de\/","logo":{"@type":"ImageObject","inLanguage":"de","@id":"https:\/\/www.polarltd.com\/de\/#\/schema\/logo\/image\/","url":"https:\/\/www.polarltd.com\/de\/wp-content\/uploads\/2021\/07\/polar-logo-2.fw_.png","contentUrl":"https:\/\/www.polarltd.com\/de\/wp-content\/uploads\/2021\/07\/polar-logo-2.fw_.png","width":200,"height":101,"caption":"Polar Foreign Trade Limited Kompanie - Stahlh\u00e4ndler"},"image":{"@id":"https:\/\/www.polarltd.com\/de\/#\/schema\/logo\/image\/"},"sameAs":["https:\/\/twitter.com\/PolarLimited","https:\/\/www.instagram.com\/polarltd\/","https:\/\/www.linkedin.com\/company\/polarltd"]}]}},"_links":{"self":[{"href":"https:\/\/www.polarltd.com\/de\/wp-json\/wp\/v2\/pages\/91"}],"collection":[{"href":"https:\/\/www.polarltd.com\/de\/wp-json\/wp\/v2\/pages"}],"about":[{"href":"https:\/\/www.polarltd.com\/de\/wp-json\/wp\/v2\/types\/page"}],"author":[{"embeddable":true,"href":"https:\/\/www.polarltd.com\/de\/wp-json\/wp\/v2\/users\/1"}],"replies":[{"embeddable":true,"href":"https:\/\/www.polarltd.com\/de\/wp-json\/wp\/v2\/comments?post=91"}],"version-history":[{"count":0,"href":"https:\/\/www.polarltd.com\/de\/wp-json\/wp\/v2\/pages\/91\/revisions"}],"wp:attachment":[{"href":"https:\/\/www.polarltd.com\/de\/wp-json\/wp\/v2\/media?parent=91"}],"curies":[{"name":"wp","href":"https:\/\/api.w.org\/{rel}","templated":true}]}}