{"id":69,"date":"2021-01-12T08:29:47","date_gmt":"2021-01-12T05:29:47","guid":{"rendered":"https:\/\/shtheme.org\/demosd\/logistek\/?page_id=69"},"modified":"2021-08-25T18:48:17","modified_gmt":"2021-08-25T15:48:17","slug":"tatigkeitsbereiche","status":"publish","type":"page","link":"https:\/\/www.polarltd.com\/de\/tatigkeitsbereiche\/","title":{"rendered":"T\u00e4tigkeitsbereiche"},"content":{"rendered":"\t\t<div data-elementor-type=\"wp-page\" data-elementor-id=\"69\" class=\"elementor elementor-69\">\n\t\t\t\t\t\t\t\t\t<section class=\"elementor-section elementor-top-section elementor-element elementor-element-d48ee1c elementor-section-full_width elementor-section-height-default elementor-section-height-default\" data-id=\"d48ee1c\" data-element_type=\"section\">\n\t\t\t\t\t\t<div class=\"elementor-container elementor-column-gap-no\">\n\t\t\t\t\t<div class=\"elementor-column elementor-col-100 elementor-top-column elementor-element elementor-element-db0f352\" data-id=\"db0f352\" data-element_type=\"column\">\n\t\t\t<div class=\"elementor-widget-wrap elementor-element-populated\">\n\t\t\t\t\t\t\t\t<div class=\"elementor-element elementor-element-1d81302 elementor-align-left elementor-widget elementor-widget-page-header\" data-id=\"1d81302\" data-element_type=\"widget\" data-widget_type=\"page-header.default\">\n\t\t\t\t<div class=\"elementor-widget-container\">\n\t\t\t\r\n\t\t\t\t<section class=\"page-title-section\" style=\"background-color: #f8f8f8;\r\n\t\tbackground-image: url(https:\/\/www.polarltd.com\/de\/wp-content\/uploads\/2021\/07\/ic-sayfa-bg-3.png);\r\n\t\tcolor: #fff;\">\r\n\t\t\r\n\t\t\t<div class=\"container\">\r\n\r\n\t\t\t\t<div class=\"row\">\r\n\r\n\t\t\t\t\t<div class=\"col-xl-12 text-center\">\r\n\r\n\t\t\t\t\t\t<div class=\"page-title-content\">\r\n\r\n\t\t\t\t\t\t\t\t\t\t\t\t\t\t<h3 class=\"title text-white\">T\u00e4tigkeitsbereiche<\/h3>\r\n\t\t\t\t\t\t\t\r\n\t\t\t\t\t\t\t<nav aria-label=\"breadcrumb\">\r\n\r\n\t\t\t\t\t\t\t\t<ol class=\"breadcrumb\">\r\n\r\n\t\t\t\t\t\t\t\t\t<li class=\"breadcrumb-item\"><a href=\"https:\/\/www.polarltd.com\/de\/\">Home<\/a><\/li>\r\n\r\n\t\t\t\t\t\t\t\t\t\t\t\t\t\t\t\t\t\t<li class=\"breadcrumb-item active\" aria-current=\"page\">T\u00e4tigkeitsbereiche<\/li>\r\n\t\t\t\t\t\t\t\t\t\r\n\t\t\t\t\t\t\t\t<\/ol>\r\n\r\n\t\t\t\t\t\t\t<\/nav>\r\n\r\n\t\t\t\t\t\t<\/div>\r\n\r\n\t\t\t\t\t<\/div>\r\n\r\n\t\t\t\t<\/div>\r\n\r\n\t\t\t<\/div>\r\n\r\n\t\t<\/section>\r\n\r\n\t\t\t<\/div>\n\t\t\t\t<\/div>\n\t\t\t\t\t<\/div>\n\t\t<\/div>\n\t\t\t\t\t\t\t<\/div>\n\t\t<\/section>\n\t\t\t\t<section class=\"elementor-section elementor-top-section elementor-element elementor-element-068b98f elementor-section-full_width elementor-section-height-default elementor-section-height-default\" data-id=\"068b98f\" data-element_type=\"section\">\n\t\t\t\t\t\t<div class=\"elementor-container elementor-column-gap-no\">\n\t\t\t\t\t<div class=\"elementor-column elementor-col-100 elementor-top-column elementor-element elementor-element-bc4e2c4\" data-id=\"bc4e2c4\" data-element_type=\"column\">\n\t\t\t<div class=\"elementor-widget-wrap elementor-element-populated\">\n\t\t\t\t\t\t\t\t<div class=\"elementor-element elementor-element-9a2c16b elementor-widget elementor-widget-html\" data-id=\"9a2c16b\" data-element_type=\"widget\" data-widget_type=\"html.default\">\n\t\t\t\t<div class=\"elementor-widget-container\">\n\t\t\t<section class=\"elementor-section elementor-top-section elementor-element elementor-element-068b98f elementor-section-full_width elementor-section-height-default elementor-section-height-default\" data-id=\"068b98f\" data-element_type=\"section\">\r\n\t\t\t\t\t\t<div class=\"elementor-container elementor-column-gap-no\">\r\n\t\t\t\t\t<div class=\"elementor-column elementor-col-100 elementor-top-column elementor-element elementor-element-bc4e2c4\" data-id=\"bc4e2c4\" data-element_type=\"column\">\r\n\t\t\t<div class=\"elementor-widget-wrap elementor-element-populated\">\r\n\t\t\t\t\t\t\t\t<div class=\"elementor-element elementor-element-19bea80 elementor-align-left elementor-widget elementor-widget-page-project\" data-id=\"19bea80\" data-element_type=\"widget\" data-widget_type=\"page-project.default\">\r\n\t\t\t\t<div class=\"elementor-widget-container\">\r\n\t\t\t\r\n\t\t<section class=\"pdt-110 pdb-80\">\r\n\r\n\t\t\t<div class=\"section-content\">\r\n\r\n\t\t\t\t<div class=\"container\">\r\n\r\n\t\t\t\t\t<div class=\"row\">\r\n\r\n\t\t\t\t\t\t\r\n\t\t\t\t\t\t\t<div class=\"col-md-6 col-lg-4 col-xl-4\">\r\n\r\n\t\t\t\t\t\t\t\t<div class=\"project-item mrb-30\">\r\n\r\n\t\t\t\t\t\t\t\t\t<div class=\"project-thumb\">\r\n\r\n\t\t\t\t\t\t\t\t\t\t<img decoding=\"async\" class=\"img-full\" src=\"https:\/\/www.polarltd.com\/de\/wp-content\/uploads\/sites\/3\/2021\/01\/project_04.jpg\" alt=\"\">\r\n\r\n\t\t\t\t\t\t\t\t\t\t<div class=\"project-link-icon\">\r\n\r\n\r\n\t\t\t\t\t\t\t\t\t\t<\/div>\r\n\r\n\t\t\t\t\t\t\t\t\t\t<div class=\"project-details p-4\">\r\n\r\n\t\t\t\t\t\t\t\t\t\t\t<h6 class=\"project-category side-line mrb-5\">Aktivit\u00e4ten<\/h6>\r\n\r\n\t\t\t\t\t\t\t\t\t\t\t<h3 class=\"project-title\">Export<\/h3>\r\n\r\n\t\t\t\t\t\t\t\t\t\t<\/div>\r\n\r\n\t\t\t\t\t\t\t\t\t<\/div>\r\n\r\n\t\t\t\t\t\t\t\t<\/div>\r\n\r\n\t\t\t\t\t\t\t<\/div>\r\n\r\n\t\t\t\t\t\t\r\n\t\t\t\t\t\t\t<div class=\"col-md-6 col-lg-4 col-xl-4\">\r\n\r\n\t\t\t\t\t\t\t\t<div class=\"project-item mrb-30\">\r\n\r\n\t\t\t\t\t\t\t\t\t<div class=\"project-thumb\">\r\n\r\n\t\t\t\t\t\t\t\t\t\t<img decoding=\"async\" class=\"img-full\" src=\"https:\/\/www.polarltd.com\/de\/wp-content\/uploads\/sites\/3\/2021\/01\/project_05.jpg\" alt=\"\">\r\n\r\n\t\t\t\t\t\t\t\t\t\t<div class=\"project-link-icon\">\r\n\r\n\r\n\t\t\t\t\t\t\t\t\t\t<\/div>\r\n\r\n\t\t\t\t\t\t\t\t\t\t<div class=\"project-details p-4\">\r\n\r\n\t\t\t\t\t\t\t\t\t\t\t<h6 class=\"project-category side-line mrb-5\">Aktivit\u00e4ten<\/h6>\r\n\r\n\t\t\t\t\t\t\t\t\t\t\t<h3 class=\"project-title\">Import<\/h3>\r\n\r\n\t\t\t\t\t\t\t\t\t\t<\/div>\r\n\r\n\t\t\t\t\t\t\t\t\t<\/div>\r\n\r\n\t\t\t\t\t\t\t\t<\/div>\r\n\r\n\t\t\t\t\t\t\t<\/div>\r\n\r\n\t\t\t\t\t\t\r\n\t\t\t\t\t\t\t<div class=\"col-md-6 col-lg-4 col-xl-4\">\r\n\r\n\t\t\t\t\t\t\t\t<div class=\"project-item mrb-30\">\r\n\r\n\t\t\t\t\t\t\t\t\t<div class=\"project-thumb\">\r\n\r\n\t\t\t\t\t\t\t\t\t\t<img decoding=\"async\" class=\"img-full\" src=\"https:\/\/www.polarltd.com\/wp-content\/uploads\/2021\/08\/transit-ticaret.png\" alt=\"\">\r\n\r\n\t\t\t\t\t\t\t\t\t\t<div class=\"project-link-icon\">\r\n\r\n\r\n\t\t\t\t\t\t\t\t\t\t<\/div>\r\n\r\n\t\t\t\t\t\t\t\t\t\t<div class=\"project-details p-4\">\r\n\r\n\t\t\t\t\t\t\t\t\t\t\t<h6 class=\"project-category side-line mrb-5\">Aktivit\u00e4ten<\/h6>\r\n\r\n\t\t\t\t\t\t\t\t\t\t\t<h3 class=\"project-title\">Transithandel<\/h3>\r\n\r\n\t\t\t\t\t\t\t\t\t\t<\/div>\r\n\r\n\t\t\t\t\t\t\t\t\t<\/div>\r\n\r\n\t\t\t\t\t\t\t\t<\/div>\r\n\r\n\t\t\t\t\t\t\t<\/div>\r\n\r\n\t\t\t\t\t\t\r\n\t\t\t\t\t\t\t<div class=\"col-md-6 col-lg-4 col-xl-4\">\r\n\r\n\t\t\t\t\t\t\t\t<div class=\"project-item mrb-30\">\r\n\r\n\t\t\t\t\t\t\t\t\t<div class=\"project-thumb\">\r\n\r\n\t\t\t\t\t\t\t\t\t\t<img decoding=\"async\" class=\"img-full\" src=\"https:\/\/www.polarltd.com\/wp-content\/uploads\/2021\/08\/meba-steel.png\" alt=\"\">\r\n\r\n\t\t\t\t\t\t\t\t\t\t<div class=\"project-link-icon\">\r\n\r\n\r\n\t\t\t\t\t\t\t\t\t\t<\/div>\r\n\r\n\t\t\t\t\t\t\t\t\t\t<div class=\"project-details p-4\">\r\n\r\n\t\t\t\t\t\t\t\t\t\t\t<h6 class=\"project-category side-line mrb-5\">Aktivit\u00e4ten<\/h6>\r\n\r\n\t\t\t\t\t\t\t\t\t\t\t<h3 class=\"project-title\">Meba Steel Essen Stock<\/h3>\r\n\r\n\t\t\t\t\t\t\t\t\t\t<\/div>\r\n\r\n\t\t\t\t\t\t\t\t\t<\/div>\r\n\r\n\t\t\t\t\t\t\t\t<\/div>\r\n\r\n\t\t\t\t\t\t\t<\/div>\r\n\r\n\t\t\t\t\t\t\r\n\t\t\t\t\t\t\t<div class=\"col-md-6 col-lg-4 col-xl-4\">\r\n\r\n\t\t\t\t\t\t\t\t<div class=\"project-item mrb-30\">\r\n\r\n\t\t\t\t\t\t\t\t\t<div class=\"project-thumb\">\r\n\r\n\t\t\t\t\t\t\t\t\t\t<img decoding=\"async\" class=\"img-full\" src=\"https:\/\/www.polarltd.com\/de\/wp-content\/uploads\/sites\/3\/2021\/01\/project_01.jpg\" alt=\"\">\r\n\r\n\t\t\t\t\t\t\t\t\t\t<div class=\"project-link-icon\">\r\n\r\n\t\t\t\t\t\t\t\t\t\t\r\n\r\n\t\t\t\t\t\t\t\t\t\t<\/div>\r\n\r\n\t\t\t\t\t\t\t\t\t\t<div class=\"project-details p-4\">\r\n\r\n\t\t\t\t\t\t\t\t\t\t\t<h6 class=\"project-category side-line mrb-5\">Aktivit\u00e4ten<\/h6>\r\n\r\n\t\t\t\t\t\t\t\t\t\t\t<h3 class=\"project-title\">Gebze Lager<\/h3>\r\n\r\n\t\t\t\t\t\t\t\t\t\t<\/div>\r\n\r\n\t\t\t\t\t\t\t\t\t<\/div>\r\n\r\n\t\t\t\t\t\t\t\t<\/div>\r\n\r\n\t\t\t\t\t\t\t<\/div>\r\n\r\n\t\t\t\t\t\t\r\n\t\t\t\t\t\t\t<div class=\"col-md-6 col-lg-4 col-xl-4\">\r\n\r\n\t\t\t\t\t\t\t\t<div class=\"project-item mrb-30\">\r\n\r\n\t\t\t\t\t\t\t\t\t<div class=\"project-thumb\">\r\n\r\n\t\t\t\t\t\t\t\t\t\t<img decoding=\"async\" class=\"img-full\" src=\"https:\/\/www.polarltd.com\/wp-content\/uploads\/2021\/08\/proje-danismanligi-kolaj.png\" alt=\"\">\r\n\r\n\t\t\t\t\t\t\t\t\t\t<div class=\"project-link-icon\">\r\n\r\n\t\t\t\t\t\t\t\t\t\t\t\r\n\r\n\t\t\t\t\t\t\t\t\t\t<\/div>\r\n\r\n\t\t\t\t\t\t\t\t\t\t<div class=\"project-details p-4\">\r\n\r\n\t\t\t\t\t\t\t\t\t\t\t<h6 class=\"project-category side-line mrb-5\">Aktivit\u00e4ten<\/h6>\r\n\r\n\t\t\t\t\t\t\t\t\t\t\t<h3 class=\"project-title\">Projektberatung<\/h3>\r\n\r\n\t\t\t\t\t\t\t\t\t\t<\/div>\r\n\r\n\t\t\t\t\t\t\t\t\t<\/div>\r\n\r\n\t\t\t\t\t\t\t\t<\/div>\r\n\r\n\t\t\t\t\t\t\t<\/div>\r\n\r\n\t\t\t\t\t\t \r\n\r\n\t\t\t\t\t<\/div>\r\n\r\n\t\t\t\t<\/div>\r\n\r\n\t\t\t<\/div>\r\n\r\n\t\t<\/section>\r\n\r\n\r\n\t\t\t<\/div>\r\n\t\t\t\t<\/div>\r\n\t\t\t\t\t<\/div>\r\n\t\t<\/div>\r\n\t\t\t\t\t\t\t<\/div>\r\n\t\t<\/section>\t\t<\/div>\n\t\t\t\t<\/div>\n\t\t\t\t\t<\/div>\n\t\t<\/div>\n\t\t\t\t\t\t\t<\/div>\n\t\t<\/section>\n\t\t\t\t\t\t\t<\/div>\n\t\t","protected":false},"excerpt":{"rendered":"<p>T\u00e4tigkeitsbereiche Home T\u00e4tigkeitsbereiche Aktivit\u00e4ten Export Aktivit\u00e4ten Import Aktivit\u00e4ten Transithandel Aktivit\u00e4ten Meba Steel Essen Stock Aktivit\u00e4ten Gebze Lager Aktivit\u00e4ten Projektberatung<\/p>\n","protected":false},"author":1,"featured_media":0,"parent":0,"menu_order":0,"comment_status":"closed","ping_status":"closed","template":"page-templates\/home.php","meta":[],"yoast_head":"<!-- This site is optimized with the Yoast SEO plugin v20.7 - https:\/\/yoast.com\/wordpress\/plugins\/seo\/ -->\n<title>T\u00e4tigkeitsbereiche - Polar Foreign Trade Limited Kompanie | Stahlh\u00e4ndler<\/title>\n<meta name=\"robots\" content=\"index, follow, max-snippet:-1, max-image-preview:large, max-video-preview:-1\" \/>\n<link rel=\"canonical\" href=\"https:\/\/www.polarltd.com\/de\/tatigkeitsbereiche\/\" \/>\n<meta property=\"og:locale\" content=\"de_DE\" \/>\n<meta property=\"og:type\" content=\"article\" \/>\n<meta property=\"og:title\" content=\"T\u00e4tigkeitsbereiche - Polar Foreign Trade Limited Kompanie | Stahlh\u00e4ndler\" \/>\n<meta property=\"og:description\" content=\"T\u00e4tigkeitsbereiche Home T\u00e4tigkeitsbereiche Aktivit\u00e4ten Export Aktivit\u00e4ten Import Aktivit\u00e4ten Transithandel Aktivit\u00e4ten Meba Steel Essen Stock Aktivit\u00e4ten Gebze Lager Aktivit\u00e4ten Projektberatung\" \/>\n<meta property=\"og:url\" content=\"https:\/\/www.polarltd.com\/de\/tatigkeitsbereiche\/\" \/>\n<meta property=\"og:site_name\" content=\"Polar Foreign Trade Limited Kompanie | Stahlh\u00e4ndler\" \/>\n<meta property=\"article:modified_time\" content=\"2021-08-25T15:48:17+00:00\" \/>\n<meta property=\"og:image\" content=\"https:\/\/www.polarltd.com\/de\/wp-content\/uploads\/sites\/3\/2021\/01\/project_04.jpg\" \/>\n<meta name=\"twitter:card\" content=\"summary_large_image\" \/>\n<meta name=\"twitter:site\" content=\"@PolarLimited\" \/>\n<script type=\"application\/ld+json\" class=\"yoast-schema-graph\">{\"@context\":\"https:\/\/schema.org\",\"@graph\":[{\"@type\":\"WebPage\",\"@id\":\"https:\/\/www.polarltd.com\/de\/tatigkeitsbereiche\/\",\"url\":\"https:\/\/www.polarltd.com\/de\/tatigkeitsbereiche\/\",\"name\":\"T\u00e4tigkeitsbereiche - Polar Foreign Trade Limited Kompanie | Stahlh\u00e4ndler\",\"isPartOf\":{\"@id\":\"https:\/\/www.polarltd.com\/de\/#website\"},\"datePublished\":\"2021-01-12T05:29:47+00:00\",\"dateModified\":\"2021-08-25T15:48:17+00:00\",\"breadcrumb\":{\"@id\":\"https:\/\/www.polarltd.com\/de\/tatigkeitsbereiche\/#breadcrumb\"},\"inLanguage\":\"de\",\"potentialAction\":[{\"@type\":\"ReadAction\",\"target\":[\"https:\/\/www.polarltd.com\/de\/tatigkeitsbereiche\/\"]}]},{\"@type\":\"BreadcrumbList\",\"@id\":\"https:\/\/www.polarltd.com\/de\/tatigkeitsbereiche\/#breadcrumb\",\"itemListElement\":[{\"@type\":\"ListItem\",\"position\":1,\"name\":\"Anasayfa\",\"item\":\"https:\/\/www.polarltd.com\/de\/\"},{\"@type\":\"ListItem\",\"position\":2,\"name\":\"T\u00e4tigkeitsbereiche\"}]},{\"@type\":\"WebSite\",\"@id\":\"https:\/\/www.polarltd.com\/de\/#website\",\"url\":\"https:\/\/www.polarltd.com\/de\/\",\"name\":\"Polar Foreign Trade Limited Kompanie | Stahlh\u00e4ndler\",\"description\":\"Stahlh\u00e4ndler\",\"publisher\":{\"@id\":\"https:\/\/www.polarltd.com\/de\/#organization\"},\"potentialAction\":[{\"@type\":\"SearchAction\",\"target\":{\"@type\":\"EntryPoint\",\"urlTemplate\":\"https:\/\/www.polarltd.com\/de\/?s={search_term_string}\"},\"query-input\":\"required name=search_term_string\"}],\"inLanguage\":\"de\"},{\"@type\":\"Organization\",\"@id\":\"https:\/\/www.polarltd.com\/de\/#organization\",\"name\":\"Polar Foreign Trade Limited Kompanie - Stahlh\u00e4ndler\",\"url\":\"https:\/\/www.polarltd.com\/de\/\",\"logo\":{\"@type\":\"ImageObject\",\"inLanguage\":\"de\",\"@id\":\"https:\/\/www.polarltd.com\/de\/#\/schema\/logo\/image\/\",\"url\":\"https:\/\/www.polarltd.com\/de\/wp-content\/uploads\/2021\/07\/polar-logo-2.fw_.png\",\"contentUrl\":\"https:\/\/www.polarltd.com\/de\/wp-content\/uploads\/2021\/07\/polar-logo-2.fw_.png\",\"width\":200,\"height\":101,\"caption\":\"Polar Foreign Trade Limited Kompanie - Stahlh\u00e4ndler\"},\"image\":{\"@id\":\"https:\/\/www.polarltd.com\/de\/#\/schema\/logo\/image\/\"},\"sameAs\":[\"https:\/\/twitter.com\/PolarLimited\",\"https:\/\/www.instagram.com\/polarltd\/\",\"https:\/\/www.linkedin.com\/company\/polarltd\"]}]}<\/script>\n<!-- \/ Yoast SEO plugin. -->","yoast_head_json":{"title":"T\u00e4tigkeitsbereiche - Polar Foreign Trade Limited Kompanie | Stahlh\u00e4ndler","robots":{"index":"index","follow":"follow","max-snippet":"max-snippet:-1","max-image-preview":"max-image-preview:large","max-video-preview":"max-video-preview:-1"},"canonical":"https:\/\/www.polarltd.com\/de\/tatigkeitsbereiche\/","og_locale":"de_DE","og_type":"article","og_title":"T\u00e4tigkeitsbereiche - Polar Foreign Trade Limited Kompanie | Stahlh\u00e4ndler","og_description":"T\u00e4tigkeitsbereiche Home T\u00e4tigkeitsbereiche Aktivit\u00e4ten Export Aktivit\u00e4ten Import Aktivit\u00e4ten Transithandel Aktivit\u00e4ten Meba Steel Essen Stock Aktivit\u00e4ten Gebze Lager Aktivit\u00e4ten Projektberatung","og_url":"https:\/\/www.polarltd.com\/de\/tatigkeitsbereiche\/","og_site_name":"Polar Foreign Trade Limited Kompanie | Stahlh\u00e4ndler","article_modified_time":"2021-08-25T15:48:17+00:00","og_image":[{"url":"https:\/\/www.polarltd.com\/de\/wp-content\/uploads\/sites\/3\/2021\/01\/project_04.jpg"}],"twitter_card":"summary_large_image","twitter_site":"@PolarLimited","schema":{"@context":"https:\/\/schema.org","@graph":[{"@type":"WebPage","@id":"https:\/\/www.polarltd.com\/de\/tatigkeitsbereiche\/","url":"https:\/\/www.polarltd.com\/de\/tatigkeitsbereiche\/","name":"T\u00e4tigkeitsbereiche - Polar Foreign Trade Limited Kompanie | Stahlh\u00e4ndler","isPartOf":{"@id":"https:\/\/www.polarltd.com\/de\/#website"},"datePublished":"2021-01-12T05:29:47+00:00","dateModified":"2021-08-25T15:48:17+00:00","breadcrumb":{"@id":"https:\/\/www.polarltd.com\/de\/tatigkeitsbereiche\/#breadcrumb"},"inLanguage":"de","potentialAction":[{"@type":"ReadAction","target":["https:\/\/www.polarltd.com\/de\/tatigkeitsbereiche\/"]}]},{"@type":"BreadcrumbList","@id":"https:\/\/www.polarltd.com\/de\/tatigkeitsbereiche\/#breadcrumb","itemListElement":[{"@type":"ListItem","position":1,"name":"Anasayfa","item":"https:\/\/www.polarltd.com\/de\/"},{"@type":"ListItem","position":2,"name":"T\u00e4tigkeitsbereiche"}]},{"@type":"WebSite","@id":"https:\/\/www.polarltd.com\/de\/#website","url":"https:\/\/www.polarltd.com\/de\/","name":"Polar Foreign Trade Limited Kompanie | Stahlh\u00e4ndler","description":"Stahlh\u00e4ndler","publisher":{"@id":"https:\/\/www.polarltd.com\/de\/#organization"},"potentialAction":[{"@type":"SearchAction","target":{"@type":"EntryPoint","urlTemplate":"https:\/\/www.polarltd.com\/de\/?s={search_term_string}"},"query-input":"required name=search_term_string"}],"inLanguage":"de"},{"@type":"Organization","@id":"https:\/\/www.polarltd.com\/de\/#organization","name":"Polar Foreign Trade Limited Kompanie - Stahlh\u00e4ndler","url":"https:\/\/www.polarltd.com\/de\/","logo":{"@type":"ImageObject","inLanguage":"de","@id":"https:\/\/www.polarltd.com\/de\/#\/schema\/logo\/image\/","url":"https:\/\/www.polarltd.com\/de\/wp-content\/uploads\/2021\/07\/polar-logo-2.fw_.png","contentUrl":"https:\/\/www.polarltd.com\/de\/wp-content\/uploads\/2021\/07\/polar-logo-2.fw_.png","width":200,"height":101,"caption":"Polar Foreign Trade Limited Kompanie - Stahlh\u00e4ndler"},"image":{"@id":"https:\/\/www.polarltd.com\/de\/#\/schema\/logo\/image\/"},"sameAs":["https:\/\/twitter.com\/PolarLimited","https:\/\/www.instagram.com\/polarltd\/","https:\/\/www.linkedin.com\/company\/polarltd"]}]}},"_links":{"self":[{"href":"https:\/\/www.polarltd.com\/de\/wp-json\/wp\/v2\/pages\/69"}],"collection":[{"href":"https:\/\/www.polarltd.com\/de\/wp-json\/wp\/v2\/pages"}],"about":[{"href":"https:\/\/www.polarltd.com\/de\/wp-json\/wp\/v2\/types\/page"}],"author":[{"embeddable":true,"href":"https:\/\/www.polarltd.com\/de\/wp-json\/wp\/v2\/users\/1"}],"replies":[{"embeddable":true,"href":"https:\/\/www.polarltd.com\/de\/wp-json\/wp\/v2\/comments?post=69"}],"version-history":[{"count":0,"href":"https:\/\/www.polarltd.com\/de\/wp-json\/wp\/v2\/pages\/69\/revisions"}],"wp:attachment":[{"href":"https:\/\/www.polarltd.com\/de\/wp-json\/wp\/v2\/media?parent=69"}],"curies":[{"name":"wp","href":"https:\/\/api.w.org\/{rel}","templated":true}]}}