{"id":579,"date":"2021-08-23T12:15:22","date_gmt":"2021-08-23T09:15:22","guid":{"rendered":"https:\/\/www.polarltd.com\/de\/?page_id=579"},"modified":"2023-08-09T23:56:59","modified_gmt":"2023-08-09T20:56:59","slug":"kataloge","status":"publish","type":"page","link":"https:\/\/www.polarltd.com\/de\/kataloge\/","title":{"rendered":"Kataloge"},"content":{"rendered":"\t\t<div data-elementor-type=\"wp-page\" data-elementor-id=\"579\" class=\"elementor elementor-579\">\n\t\t\t\t\t\t\t\t\t<section class=\"elementor-section elementor-top-section elementor-element elementor-element-11aa6fa elementor-section-full_width elementor-section-height-default elementor-section-height-default\" data-id=\"11aa6fa\" data-element_type=\"section\">\n\t\t\t\t\t\t<div class=\"elementor-container elementor-column-gap-no\">\n\t\t\t\t\t<div class=\"elementor-column elementor-col-100 elementor-top-column elementor-element elementor-element-4eaaa1b\" data-id=\"4eaaa1b\" data-element_type=\"column\">\n\t\t\t<div class=\"elementor-widget-wrap elementor-element-populated\">\n\t\t\t\t\t\t\t\t<div class=\"elementor-element elementor-element-45be4c3 elementor-align-center elementor-widget elementor-widget-page-header\" data-id=\"45be4c3\" data-element_type=\"widget\" data-widget_type=\"page-header.default\">\n\t\t\t\t<div class=\"elementor-widget-container\">\n\t\t\t\r\n\t\t\t\t<section class=\"page-title-section\" style=\"background-color: #f8f8f8;\r\n\t\tbackground-image: url(https:\/\/www.polarltd.com\/de\/wp-content\/uploads\/2021\/07\/ic-sayfa-bg-8.jpg);\r\n\t\tcolor: #fff;\">\r\n\t\t\r\n\t\t\t<div class=\"container\">\r\n\r\n\t\t\t\t<div class=\"row\">\r\n\r\n\t\t\t\t\t<div class=\"col-xl-12 text-center\">\r\n\r\n\t\t\t\t\t\t<div class=\"page-title-content\">\r\n\r\n\t\t\t\t\t\t\t\t\t\t\t\t\t\t<h3 class=\"title text-white\">Kataloge<\/h3>\r\n\t\t\t\t\t\t\t\r\n\t\t\t\t\t\t\t<nav aria-label=\"breadcrumb\">\r\n\r\n\t\t\t\t\t\t\t\t<ol class=\"breadcrumb\">\r\n\r\n\t\t\t\t\t\t\t\t\t<li class=\"breadcrumb-item\"><a href=\"https:\/\/www.polarltd.com\/de\/\">Home<\/a><\/li>\r\n\r\n\t\t\t\t\t\t\t\t\t\t\t\t\t\t\t\t\t\t<li class=\"breadcrumb-item active\" aria-current=\"page\">Kataloge<\/li>\r\n\t\t\t\t\t\t\t\t\t\r\n\t\t\t\t\t\t\t\t<\/ol>\r\n\r\n\t\t\t\t\t\t\t<\/nav>\r\n\r\n\t\t\t\t\t\t<\/div>\r\n\r\n\t\t\t\t\t<\/div>\r\n\r\n\t\t\t\t<\/div>\r\n\r\n\t\t\t<\/div>\r\n\r\n\t\t<\/section>\r\n\r\n\t\t\t<\/div>\n\t\t\t\t<\/div>\n\t\t\t\t\t<\/div>\n\t\t<\/div>\n\t\t\t\t\t\t\t<\/div>\n\t\t<\/section>\n\t\t\t\t<section class=\"elementor-section elementor-top-section elementor-element elementor-element-b6be3b0 elementor-section-boxed elementor-section-height-default elementor-section-height-default\" data-id=\"b6be3b0\" data-element_type=\"section\">\n\t\t\t\t\t\t<div class=\"elementor-container elementor-column-gap-default\">\n\t\t\t\t\t<div class=\"elementor-column elementor-col-100 elementor-top-column elementor-element elementor-element-e72546f\" data-id=\"e72546f\" data-element_type=\"column\">\n\t\t\t<div class=\"elementor-widget-wrap elementor-element-populated\">\n\t\t\t\t\t\t\t\t<div class=\"elementor-element elementor-element-2d595cf elementor-widget elementor-widget-spacer\" data-id=\"2d595cf\" data-element_type=\"widget\" data-widget_type=\"spacer.default\">\n\t\t\t\t<div class=\"elementor-widget-container\">\n\t\t\t\t\t<div class=\"elementor-spacer\">\n\t\t\t<div class=\"elementor-spacer-inner\"><\/div>\n\t\t<\/div>\n\t\t\t\t<\/div>\n\t\t\t\t<\/div>\n\t\t\t\t\t<\/div>\n\t\t<\/div>\n\t\t\t\t\t\t\t<\/div>\n\t\t<\/section>\n\t\t\t\t<section class=\"elementor-section elementor-top-section elementor-element elementor-element-f439a1c elementor-section-boxed elementor-section-height-default elementor-section-height-default\" data-id=\"f439a1c\" data-element_type=\"section\">\n\t\t\t\t\t\t<div class=\"elementor-container elementor-column-gap-default\">\n\t\t\t\t\t<div class=\"elementor-column elementor-col-100 elementor-top-column elementor-element elementor-element-3fd3cc1\" data-id=\"3fd3cc1\" data-element_type=\"column\">\n\t\t\t<div class=\"elementor-widget-wrap elementor-element-populated\">\n\t\t\t\t\t\t\t\t<div class=\"elementor-element elementor-element-4074021 elementor-widget elementor-widget-text-editor\" data-id=\"4074021\" data-element_type=\"widget\" data-widget_type=\"text-editor.default\">\n\t\t\t\t<div class=\"elementor-widget-container\">\n\t\t\t\t\t\t\t<p><span class=\"VIiyi\" lang=\"de\"><span class=\"JLqJ4b ChMk0b\" data-language-for-alternatives=\"de\" data-language-to-translate-into=\"tr\" data-phrase-index=\"0\">\u00dcber die untenstehenden Schaltfl\u00e4chen k\u00f6nnen Sie auf aktuelle Kataloge und Dokumente zu unserem Unternehmen zugreifen.<\/span><\/span><\/p>\t\t\t\t\t\t<\/div>\n\t\t\t\t<\/div>\n\t\t\t\t\t<\/div>\n\t\t<\/div>\n\t\t\t\t\t\t\t<\/div>\n\t\t<\/section>\n\t\t\t\t<section class=\"elementor-section elementor-top-section elementor-element elementor-element-785ffb7 elementor-section-boxed elementor-section-height-default elementor-section-height-default\" data-id=\"785ffb7\" data-element_type=\"section\">\n\t\t\t\t\t\t<div class=\"elementor-container elementor-column-gap-default\">\n\t\t\t\t\t<div class=\"elementor-column elementor-col-25 elementor-top-column elementor-element elementor-element-6b4a4c1\" data-id=\"6b4a4c1\" data-element_type=\"column\">\n\t\t\t<div class=\"elementor-widget-wrap elementor-element-populated\">\n\t\t\t\t\t\t\t\t<div class=\"elementor-element elementor-element-5c9c0ea elementor-widget elementor-widget-text-editor\" data-id=\"5c9c0ea\" data-element_type=\"widget\" data-widget_type=\"text-editor.default\">\n\t\t\t\t<div class=\"elementor-widget-container\">\n\t\t\t\t\t\t\t<div class=\"_df_button \" id=\"df_585\"  wpoptions=\"true\" >Katalog zur Unternehmensf\u00f6rderung<\/div><script data-cfasync=\"false\">var option_df_585 = {\"outline\":[],\"forceFit\":\"true\",\"autoEnableOutline\":\"false\",\"autoEnableThumbnail\":\"false\",\"overwritePDFOutline\":\"false\",\"direction\":\"1\",\"pageMode\":\"0\",\"source\":\"https:\\\/\\\/www.polarltd.com\\\/de\\\/wp-content\\\/uploads\\\/2021\\\/08\\\/katalog-1_compressed.pdf\",\"wpOptions\":\"true\"}; if(window.DFLIP && DFLIP.parseBooks){DFLIP.parseBooks();}<\/script>\t\t\t\t\t\t<\/div>\n\t\t\t\t<\/div>\n\t\t\t\t\t<\/div>\n\t\t<\/div>\n\t\t\t\t<div class=\"elementor-column elementor-col-25 elementor-top-column elementor-element elementor-element-fee2686\" data-id=\"fee2686\" data-element_type=\"column\">\n\t\t\t<div class=\"elementor-widget-wrap elementor-element-populated\">\n\t\t\t\t\t\t\t\t<div class=\"elementor-element elementor-element-5cfaa35 elementor-align-center elementor-widget elementor-widget-button\" data-id=\"5cfaa35\" data-element_type=\"widget\" data-widget_type=\"button.default\">\n\t\t\t\t<div class=\"elementor-widget-container\">\n\t\t\t\t\t<div class=\"elementor-button-wrapper\">\n\t\t\t<a href=\"https:\/\/www.youtube.com\/watch?v=2pqgMwAnpRY\" target=\"_blank\" rel=\"nofollow\" class=\"elementor-button-link elementor-button elementor-size-md\" role=\"button\">\n\t\t\t\t\t\t<span class=\"elementor-button-content-wrapper\">\n\t\t\t\t\t\t<span class=\"elementor-button-text\">Firmenvorstellungsvideo<\/span>\n\t\t<\/span>\n\t\t\t\t\t<\/a>\n\t\t<\/div>\n\t\t\t\t<\/div>\n\t\t\t\t<\/div>\n\t\t\t\t\t<\/div>\n\t\t<\/div>\n\t\t\t\t<div class=\"elementor-column elementor-col-25 elementor-top-column elementor-element elementor-element-b18de74\" data-id=\"b18de74\" data-element_type=\"column\">\n\t\t\t<div class=\"elementor-widget-wrap elementor-element-populated\">\n\t\t\t\t\t\t\t\t<div class=\"elementor-element elementor-element-86c5e3b elementor-widget elementor-widget-text-editor\" data-id=\"86c5e3b\" data-element_type=\"widget\" data-widget_type=\"text-editor.default\">\n\t\t\t\t<div class=\"elementor-widget-container\">\n\t\t\t\t\t\t\t<div class=\"_df_button \" id=\"df_584\"  wpoptions=\"true\" >ISO 9001 Zertifikat<\/div><script data-cfasync=\"false\">var option_df_584 = {\"outline\":[],\"forceFit\":\"true\",\"autoEnableOutline\":\"false\",\"autoEnableThumbnail\":\"false\",\"overwritePDFOutline\":\"false\",\"direction\":\"1\",\"pageMode\":\"0\",\"source\":\"https:\\\/\\\/www.polarltd.com\\\/de\\\/wp-content\\\/uploads\\\/2023\\\/06\\\/polar-iso-guncel.pdf\",\"wpOptions\":\"true\"}; if(window.DFLIP && DFLIP.parseBooks){DFLIP.parseBooks();}<\/script>\t\t\t\t\t\t<\/div>\n\t\t\t\t<\/div>\n\t\t\t\t\t<\/div>\n\t\t<\/div>\n\t\t\t\t<div class=\"elementor-column elementor-col-25 elementor-top-column elementor-element elementor-element-092113a\" data-id=\"092113a\" data-element_type=\"column\">\n\t\t\t<div class=\"elementor-widget-wrap elementor-element-populated\">\n\t\t\t\t\t\t\t\t<div class=\"elementor-element elementor-element-b55a7d2 elementor-widget elementor-widget-text-editor\" data-id=\"b55a7d2\" data-element_type=\"widget\" data-widget_type=\"text-editor.default\">\n\t\t\t\t<div class=\"elementor-widget-container\">\n\t\t\t\t\t\t\t<div class=\"_df_button \" id=\"df_881\"  wpoptions=\"true\" >Qualit\u00e4tszertifikat<\/div><script data-cfasync=\"false\">var option_df_881 = {\"outline\":[],\"forceFit\":\"true\",\"autoEnableOutline\":\"false\",\"autoEnableThumbnail\":\"false\",\"overwritePDFOutline\":\"false\",\"direction\":\"1\",\"pageMode\":\"0\",\"source\":\"https:\\\/\\\/www.polarltd.com\\\/de\\\/wp-content\\\/uploads\\\/2021\\\/10\\\/F.04.pdf\",\"wpOptions\":\"true\"}; if(window.DFLIP && DFLIP.parseBooks){DFLIP.parseBooks();}<\/script>\n\t\t\t\t\t\t<\/div>\n\t\t\t\t<\/div>\n\t\t\t\t\t<\/div>\n\t\t<\/div>\n\t\t\t\t\t\t\t<\/div>\n\t\t<\/section>\n\t\t\t\t<section class=\"elementor-section elementor-top-section elementor-element elementor-element-082e7c7 elementor-section-boxed elementor-section-height-default elementor-section-height-default\" data-id=\"082e7c7\" data-element_type=\"section\">\n\t\t\t\t\t\t<div class=\"elementor-container elementor-column-gap-default\">\n\t\t\t\t\t<div class=\"elementor-column elementor-col-100 elementor-top-column elementor-element elementor-element-d374778\" data-id=\"d374778\" data-element_type=\"column\">\n\t\t\t<div class=\"elementor-widget-wrap elementor-element-populated\">\n\t\t\t\t\t\t\t\t<div class=\"elementor-element elementor-element-c421483 elementor-widget elementor-widget-spacer\" data-id=\"c421483\" data-element_type=\"widget\" data-widget_type=\"spacer.default\">\n\t\t\t\t<div class=\"elementor-widget-container\">\n\t\t\t\t\t<div class=\"elementor-spacer\">\n\t\t\t<div class=\"elementor-spacer-inner\"><\/div>\n\t\t<\/div>\n\t\t\t\t<\/div>\n\t\t\t\t<\/div>\n\t\t\t\t\t<\/div>\n\t\t<\/div>\n\t\t\t\t\t\t\t<\/div>\n\t\t<\/section>\n\t\t\t\t\t\t\t<\/div>\n\t\t","protected":false},"excerpt":{"rendered":"<p>Kataloge Home Kataloge \u00dcber die untenstehenden Schaltfl\u00e4chen k\u00f6nnen Sie auf aktuelle Kataloge und Dokumente zu unserem Unternehmen zugreifen. Firmenvorstellungsvideo<\/p>\n","protected":false},"author":1,"featured_media":0,"parent":0,"menu_order":0,"comment_status":"closed","ping_status":"closed","template":"elementor_header_footer","meta":[],"yoast_head":"<!-- This site is optimized with the Yoast SEO plugin v20.7 - https:\/\/yoast.com\/wordpress\/plugins\/seo\/ -->\n<title>Kataloge - Polar Foreign Trade Limited Kompanie | Stahlh\u00e4ndler<\/title>\n<meta name=\"robots\" content=\"index, follow, max-snippet:-1, max-image-preview:large, max-video-preview:-1\" \/>\n<link rel=\"canonical\" href=\"https:\/\/www.polarltd.com\/de\/kataloge\/\" \/>\n<meta property=\"og:locale\" content=\"de_DE\" \/>\n<meta property=\"og:type\" content=\"article\" \/>\n<meta property=\"og:title\" content=\"Kataloge - Polar Foreign Trade Limited Kompanie | Stahlh\u00e4ndler\" \/>\n<meta property=\"og:description\" content=\"Kataloge Home Kataloge \u00dcber die untenstehenden Schaltfl\u00e4chen k\u00f6nnen Sie auf aktuelle Kataloge und Dokumente zu unserem Unternehmen zugreifen. Firmenvorstellungsvideo\" \/>\n<meta property=\"og:url\" content=\"https:\/\/www.polarltd.com\/de\/kataloge\/\" \/>\n<meta property=\"og:site_name\" content=\"Polar Foreign Trade Limited Kompanie | Stahlh\u00e4ndler\" \/>\n<meta property=\"article:modified_time\" content=\"2023-08-09T20:56:59+00:00\" \/>\n<meta name=\"twitter:card\" content=\"summary_large_image\" \/>\n<meta name=\"twitter:site\" content=\"@PolarLimited\" \/>\n<meta name=\"twitter:label1\" content=\"Gesch\u00e4tzte Lesezeit\" \/>\n\t<meta name=\"twitter:data1\" content=\"1\u00a0Minute\" \/>\n<script type=\"application\/ld+json\" class=\"yoast-schema-graph\">{\"@context\":\"https:\/\/schema.org\",\"@graph\":[{\"@type\":\"WebPage\",\"@id\":\"https:\/\/www.polarltd.com\/de\/kataloge\/\",\"url\":\"https:\/\/www.polarltd.com\/de\/kataloge\/\",\"name\":\"Kataloge - Polar Foreign Trade Limited Kompanie | Stahlh\u00e4ndler\",\"isPartOf\":{\"@id\":\"https:\/\/www.polarltd.com\/de\/#website\"},\"datePublished\":\"2021-08-23T09:15:22+00:00\",\"dateModified\":\"2023-08-09T20:56:59+00:00\",\"breadcrumb\":{\"@id\":\"https:\/\/www.polarltd.com\/de\/kataloge\/#breadcrumb\"},\"inLanguage\":\"de\",\"potentialAction\":[{\"@type\":\"ReadAction\",\"target\":[\"https:\/\/www.polarltd.com\/de\/kataloge\/\"]}]},{\"@type\":\"BreadcrumbList\",\"@id\":\"https:\/\/www.polarltd.com\/de\/kataloge\/#breadcrumb\",\"itemListElement\":[{\"@type\":\"ListItem\",\"position\":1,\"name\":\"Anasayfa\",\"item\":\"https:\/\/www.polarltd.com\/de\/\"},{\"@type\":\"ListItem\",\"position\":2,\"name\":\"Kataloge\"}]},{\"@type\":\"WebSite\",\"@id\":\"https:\/\/www.polarltd.com\/de\/#website\",\"url\":\"https:\/\/www.polarltd.com\/de\/\",\"name\":\"Polar Foreign Trade Limited Kompanie | Stahlh\u00e4ndler\",\"description\":\"Stahlh\u00e4ndler\",\"publisher\":{\"@id\":\"https:\/\/www.polarltd.com\/de\/#organization\"},\"potentialAction\":[{\"@type\":\"SearchAction\",\"target\":{\"@type\":\"EntryPoint\",\"urlTemplate\":\"https:\/\/www.polarltd.com\/de\/?s={search_term_string}\"},\"query-input\":\"required name=search_term_string\"}],\"inLanguage\":\"de\"},{\"@type\":\"Organization\",\"@id\":\"https:\/\/www.polarltd.com\/de\/#organization\",\"name\":\"Polar Foreign Trade Limited Kompanie - Stahlh\u00e4ndler\",\"url\":\"https:\/\/www.polarltd.com\/de\/\",\"logo\":{\"@type\":\"ImageObject\",\"inLanguage\":\"de\",\"@id\":\"https:\/\/www.polarltd.com\/de\/#\/schema\/logo\/image\/\",\"url\":\"https:\/\/www.polarltd.com\/de\/wp-content\/uploads\/2021\/07\/polar-logo-2.fw_.png\",\"contentUrl\":\"https:\/\/www.polarltd.com\/de\/wp-content\/uploads\/2021\/07\/polar-logo-2.fw_.png\",\"width\":200,\"height\":101,\"caption\":\"Polar Foreign Trade Limited Kompanie - Stahlh\u00e4ndler\"},\"image\":{\"@id\":\"https:\/\/www.polarltd.com\/de\/#\/schema\/logo\/image\/\"},\"sameAs\":[\"https:\/\/twitter.com\/PolarLimited\",\"https:\/\/www.instagram.com\/polarltd\/\",\"https:\/\/www.linkedin.com\/company\/polarltd\"]}]}<\/script>\n<!-- \/ Yoast SEO plugin. -->","yoast_head_json":{"title":"Kataloge - Polar Foreign Trade Limited Kompanie | Stahlh\u00e4ndler","robots":{"index":"index","follow":"follow","max-snippet":"max-snippet:-1","max-image-preview":"max-image-preview:large","max-video-preview":"max-video-preview:-1"},"canonical":"https:\/\/www.polarltd.com\/de\/kataloge\/","og_locale":"de_DE","og_type":"article","og_title":"Kataloge - Polar Foreign Trade Limited Kompanie | Stahlh\u00e4ndler","og_description":"Kataloge Home Kataloge \u00dcber die untenstehenden Schaltfl\u00e4chen k\u00f6nnen Sie auf aktuelle Kataloge und Dokumente zu unserem Unternehmen zugreifen. Firmenvorstellungsvideo","og_url":"https:\/\/www.polarltd.com\/de\/kataloge\/","og_site_name":"Polar Foreign Trade Limited Kompanie | Stahlh\u00e4ndler","article_modified_time":"2023-08-09T20:56:59+00:00","twitter_card":"summary_large_image","twitter_site":"@PolarLimited","twitter_misc":{"Gesch\u00e4tzte Lesezeit":"1\u00a0Minute"},"schema":{"@context":"https:\/\/schema.org","@graph":[{"@type":"WebPage","@id":"https:\/\/www.polarltd.com\/de\/kataloge\/","url":"https:\/\/www.polarltd.com\/de\/kataloge\/","name":"Kataloge - Polar Foreign Trade Limited Kompanie | Stahlh\u00e4ndler","isPartOf":{"@id":"https:\/\/www.polarltd.com\/de\/#website"},"datePublished":"2021-08-23T09:15:22+00:00","dateModified":"2023-08-09T20:56:59+00:00","breadcrumb":{"@id":"https:\/\/www.polarltd.com\/de\/kataloge\/#breadcrumb"},"inLanguage":"de","potentialAction":[{"@type":"ReadAction","target":["https:\/\/www.polarltd.com\/de\/kataloge\/"]}]},{"@type":"BreadcrumbList","@id":"https:\/\/www.polarltd.com\/de\/kataloge\/#breadcrumb","itemListElement":[{"@type":"ListItem","position":1,"name":"Anasayfa","item":"https:\/\/www.polarltd.com\/de\/"},{"@type":"ListItem","position":2,"name":"Kataloge"}]},{"@type":"WebSite","@id":"https:\/\/www.polarltd.com\/de\/#website","url":"https:\/\/www.polarltd.com\/de\/","name":"Polar Foreign Trade Limited Kompanie | Stahlh\u00e4ndler","description":"Stahlh\u00e4ndler","publisher":{"@id":"https:\/\/www.polarltd.com\/de\/#organization"},"potentialAction":[{"@type":"SearchAction","target":{"@type":"EntryPoint","urlTemplate":"https:\/\/www.polarltd.com\/de\/?s={search_term_string}"},"query-input":"required name=search_term_string"}],"inLanguage":"de"},{"@type":"Organization","@id":"https:\/\/www.polarltd.com\/de\/#organization","name":"Polar Foreign Trade Limited Kompanie - Stahlh\u00e4ndler","url":"https:\/\/www.polarltd.com\/de\/","logo":{"@type":"ImageObject","inLanguage":"de","@id":"https:\/\/www.polarltd.com\/de\/#\/schema\/logo\/image\/","url":"https:\/\/www.polarltd.com\/de\/wp-content\/uploads\/2021\/07\/polar-logo-2.fw_.png","contentUrl":"https:\/\/www.polarltd.com\/de\/wp-content\/uploads\/2021\/07\/polar-logo-2.fw_.png","width":200,"height":101,"caption":"Polar Foreign Trade Limited Kompanie - Stahlh\u00e4ndler"},"image":{"@id":"https:\/\/www.polarltd.com\/de\/#\/schema\/logo\/image\/"},"sameAs":["https:\/\/twitter.com\/PolarLimited","https:\/\/www.instagram.com\/polarltd\/","https:\/\/www.linkedin.com\/company\/polarltd"]}]}},"_links":{"self":[{"href":"https:\/\/www.polarltd.com\/de\/wp-json\/wp\/v2\/pages\/579"}],"collection":[{"href":"https:\/\/www.polarltd.com\/de\/wp-json\/wp\/v2\/pages"}],"about":[{"href":"https:\/\/www.polarltd.com\/de\/wp-json\/wp\/v2\/types\/page"}],"author":[{"embeddable":true,"href":"https:\/\/www.polarltd.com\/de\/wp-json\/wp\/v2\/users\/1"}],"replies":[{"embeddable":true,"href":"https:\/\/www.polarltd.com\/de\/wp-json\/wp\/v2\/comments?post=579"}],"version-history":[{"count":24,"href":"https:\/\/www.polarltd.com\/de\/wp-json\/wp\/v2\/pages\/579\/revisions"}],"predecessor-version":[{"id":949,"href":"https:\/\/www.polarltd.com\/de\/wp-json\/wp\/v2\/pages\/579\/revisions\/949"}],"wp:attachment":[{"href":"https:\/\/www.polarltd.com\/de\/wp-json\/wp\/v2\/media?parent=579"}],"curies":[{"name":"wp","href":"https:\/\/api.w.org\/{rel}","templated":true}]}}