{"id":523,"date":"2021-08-23T00:11:31","date_gmt":"2021-08-22T21:11:31","guid":{"rendered":"https:\/\/www.polarltd.com\/de\/?page_id=523"},"modified":"2021-08-23T22:08:20","modified_gmt":"2021-08-23T19:08:20","slug":"neuigkeiten-und-aktivitaten","status":"publish","type":"page","link":"https:\/\/www.polarltd.com\/de\/neuigkeiten-und-aktivitaten\/","title":{"rendered":"Neuigkeiten und Aktivit\u00e4ten"},"content":{"rendered":"\t\t<div data-elementor-type=\"wp-page\" data-elementor-id=\"523\" class=\"elementor elementor-523\">\n\t\t\t\t\t\t\t\t\t<section class=\"elementor-section elementor-top-section elementor-element elementor-element-7af7a99 elementor-section-full_width elementor-section-height-default elementor-section-height-default\" data-id=\"7af7a99\" data-element_type=\"section\">\n\t\t\t\t\t\t<div class=\"elementor-container elementor-column-gap-no\">\n\t\t\t\t\t<div class=\"elementor-column elementor-col-100 elementor-top-column elementor-element elementor-element-2e80e88\" data-id=\"2e80e88\" data-element_type=\"column\">\n\t\t\t<div class=\"elementor-widget-wrap elementor-element-populated\">\n\t\t\t\t\t\t\t\t<div class=\"elementor-element elementor-element-06084ca elementor-align-center elementor-widget elementor-widget-page-header\" data-id=\"06084ca\" data-element_type=\"widget\" data-widget_type=\"page-header.default\">\n\t\t\t\t<div class=\"elementor-widget-container\">\n\t\t\t\r\n\t\t\t\t<section class=\"page-title-section\" style=\"background-color: #f8f8f8;\r\n\t\tbackground-image: url(https:\/\/www.polarltd.com\/de\/wp-content\/uploads\/2021\/07\/ic-sayfa-bg-4.png);\r\n\t\tcolor: #fff;\">\r\n\t\t\r\n\t\t\t<div class=\"container\">\r\n\r\n\t\t\t\t<div class=\"row\">\r\n\r\n\t\t\t\t\t<div class=\"col-xl-12 text-center\">\r\n\r\n\t\t\t\t\t\t<div class=\"page-title-content\">\r\n\r\n\t\t\t\t\t\t\t\t\t\t\t\t\t\t<h3 class=\"title text-white\">Neuigkeiten und Aktivit\u00e4ten<\/h3>\r\n\t\t\t\t\t\t\t\r\n\t\t\t\t\t\t\t<nav aria-label=\"breadcrumb\">\r\n\r\n\t\t\t\t\t\t\t\t<ol class=\"breadcrumb\">\r\n\r\n\t\t\t\t\t\t\t\t\t<li class=\"breadcrumb-item\"><a href=\"https:\/\/www.polarltd.com\/de\/\">Home<\/a><\/li>\r\n\r\n\t\t\t\t\t\t\t\t\t\t\t\t\t\t\t\t\t\t<li class=\"breadcrumb-item active\" aria-current=\"page\">Neuigkeiten und Aktivit\u00e4ten<\/li>\r\n\t\t\t\t\t\t\t\t\t\r\n\t\t\t\t\t\t\t\t<\/ol>\r\n\r\n\t\t\t\t\t\t\t<\/nav>\r\n\r\n\t\t\t\t\t\t<\/div>\r\n\r\n\t\t\t\t\t<\/div>\r\n\r\n\t\t\t\t<\/div>\r\n\r\n\t\t\t<\/div>\r\n\r\n\t\t<\/section>\r\n\r\n\t\t\t<\/div>\n\t\t\t\t<\/div>\n\t\t\t\t\t<\/div>\n\t\t<\/div>\n\t\t\t\t\t\t\t<\/div>\n\t\t<\/section>\n\t\t\t\t<section class=\"elementor-section elementor-top-section elementor-element elementor-element-9409bfd elementor-section-boxed elementor-section-height-default elementor-section-height-default\" data-id=\"9409bfd\" data-element_type=\"section\">\n\t\t\t\t\t\t<div class=\"elementor-container elementor-column-gap-default\">\n\t\t\t\t\t<div class=\"elementor-column elementor-col-100 elementor-top-column elementor-element elementor-element-9013411\" data-id=\"9013411\" data-element_type=\"column\">\n\t\t\t<div class=\"elementor-widget-wrap elementor-element-populated\">\n\t\t\t\t\t\t\t\t<div class=\"elementor-element elementor-element-5bdb3ab elementor-align-left elementor-widget elementor-widget-home-1-blog\" data-id=\"5bdb3ab\" data-element_type=\"widget\" data-widget_type=\"home-1-blog.default\">\n\t\t\t\t<div class=\"elementor-widget-container\">\n\t\t\t\r\n\t\t<section class=\"bg-blog pdt-110 pdb-80\">\r\n\r\n\t\t\t<div class=\"section-title mrb-30 mrb-md-60\">\r\n\r\n\t\t\t\t<div class=\"container\">\r\n\r\n\t\t\t\t\t<div class=\"row\">\r\n\r\n\t\t\t\t\t\t<div class=\"col-lg-8 col-xl-6\">\r\n\r\n\t\t\t\t\t\t\t\t\t\t\t\t\t\t<h5 class=\"mrb-15 text-primary-color side-line-left\">Polar Ltd. \u015eti.<\/h5>\r\n\t\t\t\t\t\t\t\r\n\t\t\t\t\t\t\t\t\t\t\t\t\t\t<h2 class=\"mrb-30\">Neuigkeiten und Aktivit\u00e4ten<\/h2>\r\n\t\t\t\t\t\t\t\r\n\t\t\t\t\t\t<\/div>\r\n\r\n\t\t\t\t\t\t<div class=\"col-lg-4 col-xl-6 align-self-center text-left text-lg-right\">\r\n\r\n\t\t\t\t\t\t\t\t\t\t\t\t\t\t<a href=\"https:\/\/www.polarltd.com\/de\/tatigkeitsbereiche\/\" class=\"cs-btn-one btn-primary-color btn-md\">T\u00e4tigkeitsbereiche\n<\/a>\r\n\t\t\t\t\t\t\t\r\n\t\t\t\t\t\t<\/div>\r\n\r\n\t\t\t\t\t<\/div>\r\n\r\n\t\t\t\t<\/div>\r\n\r\n\t\t\t<\/div>\r\n\r\n\t\t\t<div class=\"section-content\">\r\n\r\n\t\t\t\t<div class=\"container\">\r\n\r\n\t\t\t\t\t<div class=\"row justify-content-center\">\r\n\r\n\t\t\t\t\t\t\t\t\t\t\t\t\t<div class=\"col-md-6 col-lg-4 col-xl-4\">\r\n\t\t\t\t\t\t\t\t<div class=\"news-wrapper mrb-30 mrb-sm-40\">\r\n\t\t\t\t\t\t\t\t\t<div class=\"news-thumb\">\r\n\t\t\t\t\t\t\t\t\t\t<img decoding=\"async\" class=\"img-full\" src=\"https:\/\/www.polarltd.com\/de\/wp-content\/uploads\/sites\/3\/2021\/08\/blog-2.png\" alt=\"\">\r\n\t\t\t\t\t\t\t\t\t<\/div>\r\n\t\t\t\t\t\t\t\t\t<div class=\"news-details pdt-25\">\r\n\t\t\t\t\t\t\t\t\t\t<div class=\"news-description mb-20\">\r\n\t\t\t\t\t\t\t\t\t\t\t<div class=\"news-bottom-meta mrb-15\">\r\n\t\t\t\t\t\t\t\t\t\t\t\t<span class=\"entry-author mrr-20\"><i class=\"far fa-user mrr-10 text-primary-color\"><\/i><a href=\"https:\/\/www.polarltd.com\/de\/author\/yonetici\/\" title=\"Beitr\u00e4ge von Polar\" rel=\"author\">Polar<\/a><\/span>\r\n\t\t\t\t\t\t\t\t\t\t\t\t<span class=\"entry-date\"><i class=\"far fa-calendar-alt mrr-10 text-primary-color\"><\/i>22 August 2021<\/span>\r\n\t\t\t\t\t\t\t\t\t\t\t<\/div>\r\n\t\t\t\t\t\t\t\t\t\t\t<h4 class=\"the-title mrb-20\"><a href=\"https:\/\/www.polarltd.com\/de\/nachrichten-information\/\">Nachrichten<\/a><\/h4>\r\n\t\t\t\t\t\t\t\t\t\t\t<p class=\"the-content\">\t\t\t\t\t\t\t\t\t\t\t\tNachrichten Home Nachrichten Made in Steel Italy 2021 Messe Wir werden an der \u201eMade...<\/p>\r\n\t\t\t\t\t\t\t\t\t\t\t<\/div>\r\n\t\t\t\t\t\t\t\t\t\t\t<div class=\"news-link\">\r\n\t\t\t\t\t\t\t\t\t\t\t\t<a href=\"https:\/\/www.polarltd.com\/de\/nachrichten-information\/\">\t\t\t\t\t\t\t\t\t\t\t\t\tWeiterlesen<i class=\"fa fa-angle-right mrl-5\"><\/i><\/a>\r\n\t\t\t\t\t\t\t\t\t\t\t\t<\/div>\r\n\t\t\t\t\t\t\t\t\t\t\t<\/div>\r\n\t\t\t\t\t\t\t\t\t\t<\/div>\r\n\t\t\t\t\t\t\t\t\t<\/div>\r\n\t\t\t\t\t\t\t\t\t\t\t\t\t\t\t<div class=\"col-md-6 col-lg-4 col-xl-4\">\r\n\t\t\t\t\t\t\t\t<div class=\"news-wrapper mrb-30 mrb-sm-40\">\r\n\t\t\t\t\t\t\t\t\t<div class=\"news-thumb\">\r\n\t\t\t\t\t\t\t\t\t\t<img decoding=\"async\" class=\"img-full\" src=\"https:\/\/www.polarltd.com\/de\/wp-content\/uploads\/sites\/3\/2021\/08\/blog-1.png\" alt=\"\">\r\n\t\t\t\t\t\t\t\t\t<\/div>\r\n\t\t\t\t\t\t\t\t\t<div class=\"news-details pdt-25\">\r\n\t\t\t\t\t\t\t\t\t\t<div class=\"news-description mb-20\">\r\n\t\t\t\t\t\t\t\t\t\t\t<div class=\"news-bottom-meta mrb-15\">\r\n\t\t\t\t\t\t\t\t\t\t\t\t<span class=\"entry-author mrr-20\"><i class=\"far fa-user mrr-10 text-primary-color\"><\/i><a href=\"https:\/\/www.polarltd.com\/de\/author\/yonetici\/\" title=\"Beitr\u00e4ge von Polar\" rel=\"author\">Polar<\/a><\/span>\r\n\t\t\t\t\t\t\t\t\t\t\t\t<span class=\"entry-date\"><i class=\"far fa-calendar-alt mrr-10 text-primary-color\"><\/i>22 August 2021<\/span>\r\n\t\t\t\t\t\t\t\t\t\t\t<\/div>\r\n\t\t\t\t\t\t\t\t\t\t\t<h4 class=\"the-title mrb-20\"><a href=\"https:\/\/www.polarltd.com\/de\/messe-information\/\">Messe<\/a><\/h4>\r\n\t\t\t\t\t\t\t\t\t\t\t<p class=\"the-content\">\t\t\t\t\t\t\t\t\t\t\t\tMesse Home Messe Besuchte MessenTube Messe (2008-2010-2012-2014-2016-2018-Dusseldorf)Big 5 Messe (2009-Dubai)Project Qatar 2008 Messe Neueste...<\/p>\r\n\t\t\t\t\t\t\t\t\t\t\t<\/div>\r\n\t\t\t\t\t\t\t\t\t\t\t<div class=\"news-link\">\r\n\t\t\t\t\t\t\t\t\t\t\t\t<a href=\"https:\/\/www.polarltd.com\/de\/messe-information\/\">\t\t\t\t\t\t\t\t\t\t\t\t\tWeiterlesen<i class=\"fa fa-angle-right mrl-5\"><\/i><\/a>\r\n\t\t\t\t\t\t\t\t\t\t\t\t<\/div>\r\n\t\t\t\t\t\t\t\t\t\t\t<\/div>\r\n\t\t\t\t\t\t\t\t\t\t<\/div>\r\n\t\t\t\t\t\t\t\t\t<\/div>\r\n\t\t\t\t\t\t\t\t \r\n\t\t\t\t\t\t\t<\/div>\r\n\t\t\t\t\t\t<\/div>\r\n\t\t\t\t\t<\/div>\r\n\t\t\t\t<\/section>\r\n\r\n\t\t\t<\/div>\n\t\t\t\t<\/div>\n\t\t\t\t\t<\/div>\n\t\t<\/div>\n\t\t\t\t\t\t\t<\/div>\n\t\t<\/section>\n\t\t\t\t\t\t\t<\/div>\n\t\t","protected":false},"excerpt":{"rendered":"<p>Neuigkeiten und Aktivit\u00e4ten Home Neuigkeiten und Aktivit\u00e4ten Polar Ltd. \u015eti. Neuigkeiten und Aktivit\u00e4ten T\u00e4tigkeitsbereiche Polar 22 A\u011fustos 2021 Nachrichten Wir werden an der \u201eMade in Steel 2021\u201c teilnehmen, die vom 5. bis 7&#8230;. Devam\u0131n\u0131 Oku Polar 22 A\u011fustos 2021 Messe Tube Messe (2008-2010-2012-2014-2016-2018-Dusseldorf) Big 5 Messe (2009-Dubai) Project Qatar 2008 Messe Devam\u0131n\u0131 Oku Polar 11 [&hellip;]<\/p>\n","protected":false},"author":1,"featured_media":0,"parent":0,"menu_order":0,"comment_status":"closed","ping_status":"closed","template":"elementor_header_footer","meta":[],"yoast_head":"<!-- This site is optimized with the Yoast SEO plugin v20.7 - https:\/\/yoast.com\/wordpress\/plugins\/seo\/ -->\n<title>Neuigkeiten und Aktivit\u00e4ten - Polar Foreign Trade Limited Kompanie | Stahlh\u00e4ndler<\/title>\n<meta name=\"robots\" content=\"index, follow, max-snippet:-1, max-image-preview:large, max-video-preview:-1\" \/>\n<link rel=\"canonical\" href=\"https:\/\/www.polarltd.com\/de\/neuigkeiten-und-aktivitaten\/\" \/>\n<meta property=\"og:locale\" content=\"de_DE\" \/>\n<meta property=\"og:type\" content=\"article\" \/>\n<meta property=\"og:title\" content=\"Neuigkeiten und Aktivit\u00e4ten - Polar Foreign Trade Limited Kompanie | Stahlh\u00e4ndler\" \/>\n<meta property=\"og:description\" content=\"Neuigkeiten und Aktivit\u00e4ten Home Neuigkeiten und Aktivit\u00e4ten Polar Ltd. \u015eti. Neuigkeiten und Aktivit\u00e4ten T\u00e4tigkeitsbereiche Polar 22 A\u011fustos 2021 Nachrichten Wir werden an der \u201eMade in Steel 2021\u201c teilnehmen, die vom 5. bis 7&#8230;. Devam\u0131n\u0131 Oku Polar 22 A\u011fustos 2021 Messe Tube Messe (2008-2010-2012-2014-2016-2018-Dusseldorf) Big 5 Messe (2009-Dubai) Project Qatar 2008 Messe Devam\u0131n\u0131 Oku Polar 11 [&hellip;]\" \/>\n<meta property=\"og:url\" content=\"https:\/\/www.polarltd.com\/de\/neuigkeiten-und-aktivitaten\/\" \/>\n<meta property=\"og:site_name\" content=\"Polar Foreign Trade Limited Kompanie | Stahlh\u00e4ndler\" \/>\n<meta property=\"article:modified_time\" content=\"2021-08-23T19:08:20+00:00\" \/>\n<meta property=\"og:image\" content=\"https:\/\/www.polarltd.com\/de\/wp-content\/uploads\/sites\/3\/2021\/08\/blog-2.png\" \/>\n<meta name=\"twitter:card\" content=\"summary_large_image\" \/>\n<meta name=\"twitter:site\" content=\"@PolarLimited\" \/>\n<script type=\"application\/ld+json\" class=\"yoast-schema-graph\">{\"@context\":\"https:\/\/schema.org\",\"@graph\":[{\"@type\":\"WebPage\",\"@id\":\"https:\/\/www.polarltd.com\/de\/neuigkeiten-und-aktivitaten\/\",\"url\":\"https:\/\/www.polarltd.com\/de\/neuigkeiten-und-aktivitaten\/\",\"name\":\"Neuigkeiten und Aktivit\u00e4ten - Polar Foreign Trade Limited Kompanie | Stahlh\u00e4ndler\",\"isPartOf\":{\"@id\":\"https:\/\/www.polarltd.com\/de\/#website\"},\"datePublished\":\"2021-08-22T21:11:31+00:00\",\"dateModified\":\"2021-08-23T19:08:20+00:00\",\"breadcrumb\":{\"@id\":\"https:\/\/www.polarltd.com\/de\/neuigkeiten-und-aktivitaten\/#breadcrumb\"},\"inLanguage\":\"de\",\"potentialAction\":[{\"@type\":\"ReadAction\",\"target\":[\"https:\/\/www.polarltd.com\/de\/neuigkeiten-und-aktivitaten\/\"]}]},{\"@type\":\"BreadcrumbList\",\"@id\":\"https:\/\/www.polarltd.com\/de\/neuigkeiten-und-aktivitaten\/#breadcrumb\",\"itemListElement\":[{\"@type\":\"ListItem\",\"position\":1,\"name\":\"Anasayfa\",\"item\":\"https:\/\/www.polarltd.com\/de\/\"},{\"@type\":\"ListItem\",\"position\":2,\"name\":\"Neuigkeiten und Aktivit\u00e4ten\"}]},{\"@type\":\"WebSite\",\"@id\":\"https:\/\/www.polarltd.com\/de\/#website\",\"url\":\"https:\/\/www.polarltd.com\/de\/\",\"name\":\"Polar Foreign Trade Limited Kompanie | Stahlh\u00e4ndler\",\"description\":\"Stahlh\u00e4ndler\",\"publisher\":{\"@id\":\"https:\/\/www.polarltd.com\/de\/#organization\"},\"potentialAction\":[{\"@type\":\"SearchAction\",\"target\":{\"@type\":\"EntryPoint\",\"urlTemplate\":\"https:\/\/www.polarltd.com\/de\/?s={search_term_string}\"},\"query-input\":\"required name=search_term_string\"}],\"inLanguage\":\"de\"},{\"@type\":\"Organization\",\"@id\":\"https:\/\/www.polarltd.com\/de\/#organization\",\"name\":\"Polar Foreign Trade Limited Kompanie - Stahlh\u00e4ndler\",\"url\":\"https:\/\/www.polarltd.com\/de\/\",\"logo\":{\"@type\":\"ImageObject\",\"inLanguage\":\"de\",\"@id\":\"https:\/\/www.polarltd.com\/de\/#\/schema\/logo\/image\/\",\"url\":\"https:\/\/www.polarltd.com\/de\/wp-content\/uploads\/2021\/07\/polar-logo-2.fw_.png\",\"contentUrl\":\"https:\/\/www.polarltd.com\/de\/wp-content\/uploads\/2021\/07\/polar-logo-2.fw_.png\",\"width\":200,\"height\":101,\"caption\":\"Polar Foreign Trade Limited Kompanie - Stahlh\u00e4ndler\"},\"image\":{\"@id\":\"https:\/\/www.polarltd.com\/de\/#\/schema\/logo\/image\/\"},\"sameAs\":[\"https:\/\/twitter.com\/PolarLimited\",\"https:\/\/www.instagram.com\/polarltd\/\",\"https:\/\/www.linkedin.com\/company\/polarltd\"]}]}<\/script>\n<!-- \/ Yoast SEO plugin. -->","yoast_head_json":{"title":"Neuigkeiten und Aktivit\u00e4ten - Polar Foreign Trade Limited Kompanie | Stahlh\u00e4ndler","robots":{"index":"index","follow":"follow","max-snippet":"max-snippet:-1","max-image-preview":"max-image-preview:large","max-video-preview":"max-video-preview:-1"},"canonical":"https:\/\/www.polarltd.com\/de\/neuigkeiten-und-aktivitaten\/","og_locale":"de_DE","og_type":"article","og_title":"Neuigkeiten und Aktivit\u00e4ten - Polar Foreign Trade Limited Kompanie | Stahlh\u00e4ndler","og_description":"Neuigkeiten und Aktivit\u00e4ten Home Neuigkeiten und Aktivit\u00e4ten Polar Ltd. \u015eti. Neuigkeiten und Aktivit\u00e4ten T\u00e4tigkeitsbereiche Polar 22 A\u011fustos 2021 Nachrichten Wir werden an der \u201eMade in Steel 2021\u201c teilnehmen, die vom 5. bis 7&#8230;. Devam\u0131n\u0131 Oku Polar 22 A\u011fustos 2021 Messe Tube Messe (2008-2010-2012-2014-2016-2018-Dusseldorf) Big 5 Messe (2009-Dubai) Project Qatar 2008 Messe Devam\u0131n\u0131 Oku Polar 11 [&hellip;]","og_url":"https:\/\/www.polarltd.com\/de\/neuigkeiten-und-aktivitaten\/","og_site_name":"Polar Foreign Trade Limited Kompanie | Stahlh\u00e4ndler","article_modified_time":"2021-08-23T19:08:20+00:00","og_image":[{"url":"https:\/\/www.polarltd.com\/de\/wp-content\/uploads\/sites\/3\/2021\/08\/blog-2.png"}],"twitter_card":"summary_large_image","twitter_site":"@PolarLimited","schema":{"@context":"https:\/\/schema.org","@graph":[{"@type":"WebPage","@id":"https:\/\/www.polarltd.com\/de\/neuigkeiten-und-aktivitaten\/","url":"https:\/\/www.polarltd.com\/de\/neuigkeiten-und-aktivitaten\/","name":"Neuigkeiten und Aktivit\u00e4ten - Polar Foreign Trade Limited Kompanie | Stahlh\u00e4ndler","isPartOf":{"@id":"https:\/\/www.polarltd.com\/de\/#website"},"datePublished":"2021-08-22T21:11:31+00:00","dateModified":"2021-08-23T19:08:20+00:00","breadcrumb":{"@id":"https:\/\/www.polarltd.com\/de\/neuigkeiten-und-aktivitaten\/#breadcrumb"},"inLanguage":"de","potentialAction":[{"@type":"ReadAction","target":["https:\/\/www.polarltd.com\/de\/neuigkeiten-und-aktivitaten\/"]}]},{"@type":"BreadcrumbList","@id":"https:\/\/www.polarltd.com\/de\/neuigkeiten-und-aktivitaten\/#breadcrumb","itemListElement":[{"@type":"ListItem","position":1,"name":"Anasayfa","item":"https:\/\/www.polarltd.com\/de\/"},{"@type":"ListItem","position":2,"name":"Neuigkeiten und Aktivit\u00e4ten"}]},{"@type":"WebSite","@id":"https:\/\/www.polarltd.com\/de\/#website","url":"https:\/\/www.polarltd.com\/de\/","name":"Polar Foreign Trade Limited Kompanie | Stahlh\u00e4ndler","description":"Stahlh\u00e4ndler","publisher":{"@id":"https:\/\/www.polarltd.com\/de\/#organization"},"potentialAction":[{"@type":"SearchAction","target":{"@type":"EntryPoint","urlTemplate":"https:\/\/www.polarltd.com\/de\/?s={search_term_string}"},"query-input":"required name=search_term_string"}],"inLanguage":"de"},{"@type":"Organization","@id":"https:\/\/www.polarltd.com\/de\/#organization","name":"Polar Foreign Trade Limited Kompanie - Stahlh\u00e4ndler","url":"https:\/\/www.polarltd.com\/de\/","logo":{"@type":"ImageObject","inLanguage":"de","@id":"https:\/\/www.polarltd.com\/de\/#\/schema\/logo\/image\/","url":"https:\/\/www.polarltd.com\/de\/wp-content\/uploads\/2021\/07\/polar-logo-2.fw_.png","contentUrl":"https:\/\/www.polarltd.com\/de\/wp-content\/uploads\/2021\/07\/polar-logo-2.fw_.png","width":200,"height":101,"caption":"Polar Foreign Trade Limited Kompanie - Stahlh\u00e4ndler"},"image":{"@id":"https:\/\/www.polarltd.com\/de\/#\/schema\/logo\/image\/"},"sameAs":["https:\/\/twitter.com\/PolarLimited","https:\/\/www.instagram.com\/polarltd\/","https:\/\/www.linkedin.com\/company\/polarltd"]}]}},"_links":{"self":[{"href":"https:\/\/www.polarltd.com\/de\/wp-json\/wp\/v2\/pages\/523"}],"collection":[{"href":"https:\/\/www.polarltd.com\/de\/wp-json\/wp\/v2\/pages"}],"about":[{"href":"https:\/\/www.polarltd.com\/de\/wp-json\/wp\/v2\/types\/page"}],"author":[{"embeddable":true,"href":"https:\/\/www.polarltd.com\/de\/wp-json\/wp\/v2\/users\/1"}],"replies":[{"embeddable":true,"href":"https:\/\/www.polarltd.com\/de\/wp-json\/wp\/v2\/comments?post=523"}],"version-history":[{"count":0,"href":"https:\/\/www.polarltd.com\/de\/wp-json\/wp\/v2\/pages\/523\/revisions"}],"wp:attachment":[{"href":"https:\/\/www.polarltd.com\/de\/wp-json\/wp\/v2\/media?parent=523"}],"curies":[{"name":"wp","href":"https:\/\/api.w.org\/{rel}","templated":true}]}}