{"id":126,"date":"2021-01-13T03:59:22","date_gmt":"2021-01-13T00:59:22","guid":{"rendered":"https:\/\/shtheme.org\/demosd\/logistek\/?page_id=126"},"modified":"2026-02-11T11:43:58","modified_gmt":"2026-02-11T08:43:58","slug":"kontakt","status":"publish","type":"page","link":"https:\/\/www.polarltd.com\/de\/kontakt\/","title":{"rendered":"Kontakt"},"content":{"rendered":"\t\t<div data-elementor-type=\"wp-page\" data-elementor-id=\"126\" class=\"elementor elementor-126\">\n\t\t\t\t\t\t\t\t\t<section class=\"elementor-section elementor-top-section elementor-element elementor-element-d116e73 elementor-section-full_width elementor-section-height-default elementor-section-height-default\" data-id=\"d116e73\" data-element_type=\"section\">\n\t\t\t\t\t\t<div class=\"elementor-container elementor-column-gap-no\">\n\t\t\t\t\t<div class=\"elementor-column elementor-col-100 elementor-top-column elementor-element elementor-element-4b2483d\" data-id=\"4b2483d\" data-element_type=\"column\">\n\t\t\t<div class=\"elementor-widget-wrap elementor-element-populated\">\n\t\t\t\t\t\t\t\t<div class=\"elementor-element elementor-element-b678265 elementor-align-left elementor-widget elementor-widget-page-header\" data-id=\"b678265\" data-element_type=\"widget\" data-widget_type=\"page-header.default\">\n\t\t\t\t<div class=\"elementor-widget-container\">\n\t\t\t\r\n\t\t\t\t<section class=\"page-title-section\" style=\"background-color: #f8f8f8;\r\n\t\tbackground-image: url(https:\/\/www.polarltd.com\/de\/wp-content\/uploads\/2021\/08\/ic-sayfa-bg-9.png);\r\n\t\tcolor: #fff;\">\r\n\t\t\r\n\t\t\t<div class=\"container\">\r\n\r\n\t\t\t\t<div class=\"row\">\r\n\r\n\t\t\t\t\t<div class=\"col-xl-12 text-center\">\r\n\r\n\t\t\t\t\t\t<div class=\"page-title-content\">\r\n\r\n\t\t\t\t\t\t\t\t\t\t\t\t\t\t<h3 class=\"title text-white\">Kontakt<\/h3>\r\n\t\t\t\t\t\t\t\r\n\t\t\t\t\t\t\t<nav aria-label=\"breadcrumb\">\r\n\r\n\t\t\t\t\t\t\t\t<ol class=\"breadcrumb\">\r\n\r\n\t\t\t\t\t\t\t\t\t<li class=\"breadcrumb-item\"><a href=\"https:\/\/www.polarltd.com\/de\/\">Home<\/a><\/li>\r\n\r\n\t\t\t\t\t\t\t\t\t\t\t\t\t\t\t\t\t\t<li class=\"breadcrumb-item active\" aria-current=\"page\">Kontakt<\/li>\r\n\t\t\t\t\t\t\t\t\t\r\n\t\t\t\t\t\t\t\t<\/ol>\r\n\r\n\t\t\t\t\t\t\t<\/nav>\r\n\r\n\t\t\t\t\t\t<\/div>\r\n\r\n\t\t\t\t\t<\/div>\r\n\r\n\t\t\t\t<\/div>\r\n\r\n\t\t\t<\/div>\r\n\r\n\t\t<\/section>\r\n\r\n\t\t\t<\/div>\n\t\t\t\t<\/div>\n\t\t\t\t\t<\/div>\n\t\t<\/div>\n\t\t\t\t\t\t\t<\/div>\n\t\t<\/section>\n\t\t\t\t<section class=\"elementor-section elementor-top-section elementor-element elementor-element-d54d3b7 elementor-section-full_width elementor-section-height-default elementor-section-height-default\" data-id=\"d54d3b7\" data-element_type=\"section\">\n\t\t\t\t\t\t<div class=\"elementor-container elementor-column-gap-no\">\n\t\t\t\t\t<div class=\"elementor-column elementor-col-100 elementor-top-column elementor-element elementor-element-373beb8\" data-id=\"373beb8\" data-element_type=\"column\">\n\t\t\t<div class=\"elementor-widget-wrap elementor-element-populated\">\n\t\t\t\t\t\t\t\t<div class=\"elementor-element elementor-element-5e4d491 elementor-align-left elementor-widget elementor-widget-page-contact\" data-id=\"5e4d491\" data-element_type=\"widget\" data-widget_type=\"page-contact.default\">\n\t\t\t\t<div class=\"elementor-widget-container\">\n\t\t\t\r\n\t\t\t\t<section class=\"contact-section pdt-110 pdb-95 pdb-lg-90\" data-background=\"https:\/\/shtheme.org\/demosd\/logistek\/wp-content\/uploads\/2021\/04\/abs-bg1.png\">\r\n\t\t\t\t\t<div class=\"container\">\r\n\t\t\t\t<div class=\"row mrb-60\">\r\n\t\t\t\t\t<div class=\"col-lg-7\">\r\n\t\t\t\t\t\t\t\t\t\t\t\t<div class=\"contact-form\">\r\n\t\t\t\t\t\t\t\n<div class=\"wpcf7 no-js\" id=\"wpcf7-f335-o1\" lang=\"en-US\" dir=\"ltr\">\n<div class=\"screen-reader-response\"><p role=\"status\" aria-live=\"polite\" aria-atomic=\"true\"><\/p> <ul><\/ul><\/div>\n<form action=\"\/de\/wp-json\/wp\/v2\/pages\/126#wpcf7-f335-o1\" method=\"post\" class=\"wpcf7-form init\" aria-label=\"Contact form\" novalidate=\"novalidate\" data-status=\"init\">\n<div style=\"display: none;\">\n<input type=\"hidden\" name=\"_wpcf7\" value=\"335\" \/>\n<input type=\"hidden\" name=\"_wpcf7_version\" value=\"5.7.6\" \/>\n<input type=\"hidden\" name=\"_wpcf7_locale\" value=\"en_US\" \/>\n<input type=\"hidden\" name=\"_wpcf7_unit_tag\" value=\"wpcf7-f335-o1\" \/>\n<input type=\"hidden\" name=\"_wpcf7_container_post\" value=\"0\" \/>\n<input type=\"hidden\" name=\"_wpcf7_posted_data_hash\" value=\"\" \/>\n<\/div>\n<div>\n\t<div class=\"row\">\n\t\t<div class=\"col-lg-6\">\n\t\t\t<div class=\"form-group mrb-25\">\n\t\t\t\t<p><span class=\"wpcf7-form-control-wrap\" data-name=\"your-nane\"><input size=\"40\" class=\"wpcf7-form-control wpcf7-text form-control\" aria-invalid=\"false\" placeholder=\"Vorname Nachname\" value=\"\" type=\"text\" name=\"your-nane\" \/><\/span>\n\t\t\t\t<\/p>\n\t\t\t<\/div>\n\t\t<\/div>\n\t\t<div class=\"col-lg-6\">\n\t\t\t<div class=\"form-group mrb-25\">\n\t\t\t\t<p><span class=\"wpcf7-form-control-wrap\" data-name=\"your-phone\"><input size=\"40\" class=\"wpcf7-form-control wpcf7-text form-control\" aria-invalid=\"false\" placeholder=\"Telefonnummer\" value=\"\" type=\"text\" name=\"your-phone\" \/><\/span>\n\t\t\t\t<\/p>\n\t\t\t<\/div>\n\t\t<\/div>\n\t\t<div class=\"col-lg-12\">\n\t\t\t<div class=\"form-group mrb-25\">\n\t\t\t\t<p><span class=\"wpcf7-form-control-wrap\" data-name=\"your-email\"><input size=\"40\" class=\"wpcf7-form-control wpcf7-text wpcf7-email wpcf7-validates-as-required wpcf7-validates-as-email form-control\" aria-required=\"true\" aria-invalid=\"false\" placeholder=\"E-Mail\" value=\"\" type=\"email\" name=\"your-email\" \/><\/span>\n\t\t\t\t<\/p>\n\t\t\t<\/div>\n\t\t<\/div>\n\t\t<div class=\"col-lg-12\">\n\t\t\t<div class=\"form-group mrb-25\">\n\t\t\t\t<p><span class=\"wpcf7-form-control-wrap\" data-name=\"your-message\"><textarea cols=\"40\" rows=\"10\" class=\"wpcf7-form-control wpcf7-textarea form-control\" aria-invalid=\"false\" name=\"your-message\">Messages<\/textarea><\/span>\n\t\t\t\t<\/p>\n\t\t\t<\/div>\n\t\t<\/div>\n\t\t<div class=\"col-lg-8\">\n\t\t\t<div class=\"form-group\">\n\t\t\t\t<p><input class=\"wpcf7-form-control has-spinner wpcf7-submit cs-btn-one btn-md btn-round btn-primary-color element-shadow\" type=\"submit\" value=\"Senden\" \/>\n\t\t\t\t<\/p>\n\t\t\t<\/div>\n\t\t<\/div>\n\t<\/div>\n<\/div><div class=\"wpcf7-response-output\" aria-hidden=\"true\"><\/div>\n<\/form>\n<\/div>\n\t\t\t\t\t\t<\/div>\r\n\t\t\t\t\t\t\t\t\t\t\t<\/div>\r\n\t\t\t\t\t<div class=\"col-lg-5\">\r\n\t\t\t\t\t\t<!-- Google Map Start -->\r\n\t\t\t\t\t\t<div class=\"mapouter fixed-height\">\r\n\t\t\t\t\t\t\t\t\t\t\t\t\t\t<div class=\"gmap_canvas\">\r\n\t\t\t\t\t\t\t\t<iframe id=\"gmap_canvas\" src=\"https:\/\/www.google.com\/maps\/embed?pb=!1m18!1m12!1m3!1d3006.185817485005!2d29.012817774949777!3d41.10863271324116!2m3!1f0!2f0!3f0!3m2!1i1024!2i768!4f13.1!3m3!1m2!1s0x14cab56b403c21c3%3A0x83d7f247efd330a2!2sPolar%20D%C4%B1%C5%9F%20Ticaret%20Limited%20%C5%9Eirketi!5e0!3m2!1str!2str!4v1770799040952!5m2!1str!2str\"><\/iframe>\r\n\t\t\t\t\t\t\t\t<a href=\"\"><\/a>\r\n\t\t\t\t\t\t\t<\/div>\r\n\t\t\t\t\t\t\t\t\t\t\t\t\t<\/div>\r\n\t\t\t\t\t\t<!-- Google Map End -->\r\n\t\t\t\t\t<\/div>\r\n\t\t\t\t<\/div>\r\n\t\t\t\t<div class=\"row\">\r\n\t\t\t\t\t\t\t\t\t\t<div class=\"col-lg-6 col-xl-4\">\r\n\t\t\t\t\t\t<div class=\"contact-block d-flex mrb-30\">\r\n\t\t\t\t\t\t\t\t\t\t\t\t\t\t<div class=\"contact-icon\">\r\n\t\t\t\t\t\t\t\t<i class=\"webex-icon-map1\"><\/i>\r\n\t\t\t\t\t\t\t<\/div>\r\n\t\t\t\t\t\t\t\t\t\t\t\t\t\t<div class=\"contact-details mrl-30\">\r\n\t\t\t\t\t\t\t\t\t\t\t\t\t\t\t\t<h5 class=\"icon-box-title mrb-10\">Adresse<\/h5>\r\n\t\t\t\t\t\t\t\t\t\t\t\t\t\t\t\t\t\t\t\t\t\t\t\t<p class=\"mrb-0\"><a href=\"https:\/\/maps.app.goo.gl\/B81zm5DHYrrBcNXT6\" target=\"_blank\">Giz 2000 Plaza, Maslak, Eski B\u00fcy\u00fckdere Cd. No:7 Kat: 10 D:39, Sar\u0131yer\/\u0130stanbul<\/a><\/p>\r\n\t\t\t\t\t\t\t\t\t\t\t\t\t\t\t<\/div>\r\n\t\t\t\t\t\t<\/div>\r\n\t\t\t\t\t<\/div>\r\n\t\t\t\t\t\t\t\t\t\t<div class=\"col-lg-6 col-xl-4\">\r\n\t\t\t\t\t\t<div class=\"contact-block d-flex mrb-30\">\r\n\t\t\t\t\t\t\t\t\t\t\t\t\t\t<div class=\"contact-icon\">\r\n\t\t\t\t\t\t\t\t<i class=\"webex-icon-Phone2\"><\/i>\r\n\t\t\t\t\t\t\t<\/div>\r\n\t\t\t\t\t\t\t\t\t\t\t\t\t\t<div class=\"contact-details mrl-30\">\r\n\t\t\t\t\t\t\t\t\t\t\t\t\t\t\t\t<h5 class=\"icon-box-title mrb-10\">Telefonnummer<\/h5>\r\n\t\t\t\t\t\t\t\t\t\t\t\t\t\t\t\t\t\t\t\t\t\t\t\t<p class=\"mrb-0\"><a href=\"tel:+9002122906010\">0212 290 60 10<\/a><\/p>\r\n\t\t\t\t\t\t\t\t\t\t\t\t\t\t\t<\/div>\r\n\t\t\t\t\t\t<\/div>\r\n\t\t\t\t\t<\/div>\r\n\t\t\t\t\t\t\t\t\t\t<div class=\"col-lg-6 col-xl-4\">\r\n\t\t\t\t\t\t<div class=\"contact-block d-flex mrb-30\">\r\n\t\t\t\t\t\t\t\t\t\t\t\t\t\t<div class=\"contact-icon\">\r\n\t\t\t\t\t\t\t\t<i class=\"webex-icon-envelope\"><\/i>\r\n\t\t\t\t\t\t\t<\/div>\r\n\t\t\t\t\t\t\t\t\t\t\t\t\t\t<div class=\"contact-details mrl-30\">\r\n\t\t\t\t\t\t\t\t\t\t\t\t\t\t\t\t<h5 class=\"icon-box-title mrb-10\">E-Mail<\/h5>\r\n\t\t\t\t\t\t\t\t\t\t\t\t\t\t\t\t\t\t\t\t\t\t\t\t<p class=\"mrb-0\"><a href=\"mailto:info@polarltd.com.tr\">info@polarltd.com.tr<\/a><\/p>\r\n\t\t\t\t\t\t\t\t\t\t\t\t\t\t\t<\/div>\r\n\t\t\t\t\t\t<\/div>\r\n\t\t\t\t\t<\/div>\r\n\t\t\t\t\t\t\t\t\t\t<div class=\"col-lg-6 col-xl-4\">\r\n\t\t\t\t\t\t<div class=\"contact-block d-flex mrb-30\">\r\n\t\t\t\t\t\t\t\t\t\t\t\t\t\t<div class=\"contact-icon\">\r\n\t\t\t\t\t\t\t\t<i class=\"webex-icon-linkedin\"><\/i>\r\n\t\t\t\t\t\t\t<\/div>\r\n\t\t\t\t\t\t\t\t\t\t\t\t\t\t<div class=\"contact-details mrl-30\">\r\n\t\t\t\t\t\t\t\t\t\t\t\t\t\t\t\t<h5 class=\"icon-box-title mrb-10\">Linkedin<\/h5>\r\n\t\t\t\t\t\t\t\t\t\t\t\t\t\t\t\t\t\t\t\t\t\t\t\t<p class=\"mrb-0\"><a href=\"https:\/\/www.linkedin.com\/company\/polardisticaret\/\" target=\"_blank\">@polarltd<\/a><\/p>\r\n\t\t\t\t\t\t\t\t\t\t\t\t\t\t\t<\/div>\r\n\t\t\t\t\t\t<\/div>\r\n\t\t\t\t\t<\/div>\r\n\t\t\t\t\t\t\t\t\t\t<div class=\"col-lg-6 col-xl-4\">\r\n\t\t\t\t\t\t<div class=\"contact-block d-flex mrb-30\">\r\n\t\t\t\t\t\t\t\t\t\t\t\t\t\t<div class=\"contact-icon\">\r\n\t\t\t\t\t\t\t\t<i class=\"webex-icon-twitter\"><\/i>\r\n\t\t\t\t\t\t\t<\/div>\r\n\t\t\t\t\t\t\t\t\t\t\t\t\t\t<div class=\"contact-details mrl-30\">\r\n\t\t\t\t\t\t\t\t\t\t\t\t\t\t\t\t<h5 class=\"icon-box-title mrb-10\">Twitter<\/h5>\r\n\t\t\t\t\t\t\t\t\t\t\t\t\t\t\t\t\t\t\t\t\t\t\t\t<p class=\"mrb-0\"><a href=\"https:\/\/twitter.com\/PolarLimited\" target=\"_blank\">@polarlimited<\/a><\/p>\r\n\t\t\t\t\t\t\t\t\t\t\t\t\t\t\t<\/div>\r\n\t\t\t\t\t\t<\/div>\r\n\t\t\t\t\t<\/div>\r\n\t\t\t\t\t\t\t\t\t\t<div class=\"col-lg-6 col-xl-4\">\r\n\t\t\t\t\t\t<div class=\"contact-block d-flex mrb-30\">\r\n\t\t\t\t\t\t\t\t\t\t\t\t\t\t<div class=\"contact-icon\">\r\n\t\t\t\t\t\t\t\t<i class=\"webex-icon-instagram\"><\/i>\r\n\t\t\t\t\t\t\t<\/div>\r\n\t\t\t\t\t\t\t\t\t\t\t\t\t\t<div class=\"contact-details mrl-30\">\r\n\t\t\t\t\t\t\t\t\t\t\t\t\t\t\t\t<h5 class=\"icon-box-title mrb-10\">Instagram<\/h5>\r\n\t\t\t\t\t\t\t\t\t\t\t\t\t\t\t\t\t\t\t\t\t\t\t\t<p class=\"mrb-0\"><a href=\"https:\/\/www.instagram.com\/polarltd\/\" target=\"_blank\">@polarltd<\/a><\/p>\r\n\t\t\t\t\t\t\t\t\t\t\t\t\t\t\t<\/div>\r\n\t\t\t\t\t\t<\/div>\r\n\t\t\t\t\t<\/div>\r\n\t\t\t\t\t\t\t\t\t<\/div>\r\n\t\t\t<\/div>\r\n\t\t<\/section>\r\n\r\n\t\t\t<\/div>\n\t\t\t\t<\/div>\n\t\t\t\t\t<\/div>\n\t\t<\/div>\n\t\t\t\t\t\t\t<\/div>\n\t\t<\/section>\n\t\t\t\t\t\t\t<\/div>\n\t\t","protected":false},"excerpt":{"rendered":"<p>Kontakt Home Kontakt Messages Adresse Giz 2000 Plaza, Maslak, Eski B\u00fcy\u00fckdere Cd. No:7 Kat: 10 D:39, Sar\u0131yer\/\u0130stanbul Telefonnummer 0212 290 60 10 E-Mail info@polarltd.com.tr Linkedin @polarltd Twitter @polarlimited Instagram @polarltd<\/p>\n","protected":false},"author":1,"featured_media":0,"parent":0,"menu_order":0,"comment_status":"closed","ping_status":"closed","template":"page-templates\/home.php","meta":[],"yoast_head":"<!-- This site is optimized with the Yoast SEO plugin v20.7 - https:\/\/yoast.com\/wordpress\/plugins\/seo\/ -->\n<title>Kontakt - Polar Foreign Trade Limited Kompanie | Stahlh\u00e4ndler<\/title>\n<meta name=\"robots\" content=\"index, follow, max-snippet:-1, max-image-preview:large, max-video-preview:-1\" \/>\n<link rel=\"canonical\" href=\"https:\/\/www.polarltd.com\/de\/kontakt\/\" \/>\n<meta property=\"og:locale\" content=\"de_DE\" \/>\n<meta property=\"og:type\" content=\"article\" \/>\n<meta property=\"og:title\" content=\"Kontakt - Polar Foreign Trade Limited Kompanie | Stahlh\u00e4ndler\" \/>\n<meta property=\"og:description\" content=\"Kontakt Home Kontakt Messages Adresse Giz 2000 Plaza, Maslak, Eski B\u00fcy\u00fckdere Cd. No:7 Kat: 10 D:39, Sar\u0131yer\/\u0130stanbul Telefonnummer 0212 290 60 10 E-Mail info@polarltd.com.tr Linkedin @polarltd Twitter @polarlimited Instagram @polarltd\" \/>\n<meta property=\"og:url\" content=\"https:\/\/www.polarltd.com\/de\/kontakt\/\" \/>\n<meta property=\"og:site_name\" content=\"Polar Foreign Trade Limited Kompanie | Stahlh\u00e4ndler\" \/>\n<meta property=\"article:modified_time\" content=\"2026-02-11T08:43:58+00:00\" \/>\n<meta name=\"twitter:card\" content=\"summary_large_image\" \/>\n<meta name=\"twitter:site\" content=\"@PolarLimited\" \/>\n<meta name=\"twitter:label1\" content=\"Gesch\u00e4tzte Lesezeit\" \/>\n\t<meta name=\"twitter:data1\" content=\"1\u00a0Minute\" \/>\n<script type=\"application\/ld+json\" class=\"yoast-schema-graph\">{\"@context\":\"https:\/\/schema.org\",\"@graph\":[{\"@type\":\"WebPage\",\"@id\":\"https:\/\/www.polarltd.com\/de\/kontakt\/\",\"url\":\"https:\/\/www.polarltd.com\/de\/kontakt\/\",\"name\":\"Kontakt - Polar Foreign Trade Limited Kompanie | Stahlh\u00e4ndler\",\"isPartOf\":{\"@id\":\"https:\/\/www.polarltd.com\/de\/#website\"},\"datePublished\":\"2021-01-13T00:59:22+00:00\",\"dateModified\":\"2026-02-11T08:43:58+00:00\",\"breadcrumb\":{\"@id\":\"https:\/\/www.polarltd.com\/de\/kontakt\/#breadcrumb\"},\"inLanguage\":\"de\",\"potentialAction\":[{\"@type\":\"ReadAction\",\"target\":[\"https:\/\/www.polarltd.com\/de\/kontakt\/\"]}]},{\"@type\":\"BreadcrumbList\",\"@id\":\"https:\/\/www.polarltd.com\/de\/kontakt\/#breadcrumb\",\"itemListElement\":[{\"@type\":\"ListItem\",\"position\":1,\"name\":\"Anasayfa\",\"item\":\"https:\/\/www.polarltd.com\/de\/\"},{\"@type\":\"ListItem\",\"position\":2,\"name\":\"Kontakt\"}]},{\"@type\":\"WebSite\",\"@id\":\"https:\/\/www.polarltd.com\/de\/#website\",\"url\":\"https:\/\/www.polarltd.com\/de\/\",\"name\":\"Polar Foreign Trade Limited Kompanie | Stahlh\u00e4ndler\",\"description\":\"Stahlh\u00e4ndler\",\"publisher\":{\"@id\":\"https:\/\/www.polarltd.com\/de\/#organization\"},\"potentialAction\":[{\"@type\":\"SearchAction\",\"target\":{\"@type\":\"EntryPoint\",\"urlTemplate\":\"https:\/\/www.polarltd.com\/de\/?s={search_term_string}\"},\"query-input\":\"required name=search_term_string\"}],\"inLanguage\":\"de\"},{\"@type\":\"Organization\",\"@id\":\"https:\/\/www.polarltd.com\/de\/#organization\",\"name\":\"Polar Foreign Trade Limited Kompanie - Stahlh\u00e4ndler\",\"url\":\"https:\/\/www.polarltd.com\/de\/\",\"logo\":{\"@type\":\"ImageObject\",\"inLanguage\":\"de\",\"@id\":\"https:\/\/www.polarltd.com\/de\/#\/schema\/logo\/image\/\",\"url\":\"https:\/\/www.polarltd.com\/de\/wp-content\/uploads\/2021\/07\/polar-logo-2.fw_.png\",\"contentUrl\":\"https:\/\/www.polarltd.com\/de\/wp-content\/uploads\/2021\/07\/polar-logo-2.fw_.png\",\"width\":200,\"height\":101,\"caption\":\"Polar Foreign Trade Limited Kompanie - Stahlh\u00e4ndler\"},\"image\":{\"@id\":\"https:\/\/www.polarltd.com\/de\/#\/schema\/logo\/image\/\"},\"sameAs\":[\"https:\/\/twitter.com\/PolarLimited\",\"https:\/\/www.instagram.com\/polarltd\/\",\"https:\/\/www.linkedin.com\/company\/polarltd\"]}]}<\/script>\n<!-- \/ Yoast SEO plugin. -->","yoast_head_json":{"title":"Kontakt - Polar Foreign Trade Limited Kompanie | Stahlh\u00e4ndler","robots":{"index":"index","follow":"follow","max-snippet":"max-snippet:-1","max-image-preview":"max-image-preview:large","max-video-preview":"max-video-preview:-1"},"canonical":"https:\/\/www.polarltd.com\/de\/kontakt\/","og_locale":"de_DE","og_type":"article","og_title":"Kontakt - Polar Foreign Trade Limited Kompanie | Stahlh\u00e4ndler","og_description":"Kontakt Home Kontakt Messages Adresse Giz 2000 Plaza, Maslak, Eski B\u00fcy\u00fckdere Cd. No:7 Kat: 10 D:39, Sar\u0131yer\/\u0130stanbul Telefonnummer 0212 290 60 10 E-Mail info@polarltd.com.tr Linkedin @polarltd Twitter @polarlimited Instagram @polarltd","og_url":"https:\/\/www.polarltd.com\/de\/kontakt\/","og_site_name":"Polar Foreign Trade Limited Kompanie | Stahlh\u00e4ndler","article_modified_time":"2026-02-11T08:43:58+00:00","twitter_card":"summary_large_image","twitter_site":"@PolarLimited","twitter_misc":{"Gesch\u00e4tzte Lesezeit":"1\u00a0Minute"},"schema":{"@context":"https:\/\/schema.org","@graph":[{"@type":"WebPage","@id":"https:\/\/www.polarltd.com\/de\/kontakt\/","url":"https:\/\/www.polarltd.com\/de\/kontakt\/","name":"Kontakt - Polar Foreign Trade Limited Kompanie | Stahlh\u00e4ndler","isPartOf":{"@id":"https:\/\/www.polarltd.com\/de\/#website"},"datePublished":"2021-01-13T00:59:22+00:00","dateModified":"2026-02-11T08:43:58+00:00","breadcrumb":{"@id":"https:\/\/www.polarltd.com\/de\/kontakt\/#breadcrumb"},"inLanguage":"de","potentialAction":[{"@type":"ReadAction","target":["https:\/\/www.polarltd.com\/de\/kontakt\/"]}]},{"@type":"BreadcrumbList","@id":"https:\/\/www.polarltd.com\/de\/kontakt\/#breadcrumb","itemListElement":[{"@type":"ListItem","position":1,"name":"Anasayfa","item":"https:\/\/www.polarltd.com\/de\/"},{"@type":"ListItem","position":2,"name":"Kontakt"}]},{"@type":"WebSite","@id":"https:\/\/www.polarltd.com\/de\/#website","url":"https:\/\/www.polarltd.com\/de\/","name":"Polar Foreign Trade Limited Kompanie | Stahlh\u00e4ndler","description":"Stahlh\u00e4ndler","publisher":{"@id":"https:\/\/www.polarltd.com\/de\/#organization"},"potentialAction":[{"@type":"SearchAction","target":{"@type":"EntryPoint","urlTemplate":"https:\/\/www.polarltd.com\/de\/?s={search_term_string}"},"query-input":"required name=search_term_string"}],"inLanguage":"de"},{"@type":"Organization","@id":"https:\/\/www.polarltd.com\/de\/#organization","name":"Polar Foreign Trade Limited Kompanie - Stahlh\u00e4ndler","url":"https:\/\/www.polarltd.com\/de\/","logo":{"@type":"ImageObject","inLanguage":"de","@id":"https:\/\/www.polarltd.com\/de\/#\/schema\/logo\/image\/","url":"https:\/\/www.polarltd.com\/de\/wp-content\/uploads\/2021\/07\/polar-logo-2.fw_.png","contentUrl":"https:\/\/www.polarltd.com\/de\/wp-content\/uploads\/2021\/07\/polar-logo-2.fw_.png","width":200,"height":101,"caption":"Polar Foreign Trade Limited Kompanie - Stahlh\u00e4ndler"},"image":{"@id":"https:\/\/www.polarltd.com\/de\/#\/schema\/logo\/image\/"},"sameAs":["https:\/\/twitter.com\/PolarLimited","https:\/\/www.instagram.com\/polarltd\/","https:\/\/www.linkedin.com\/company\/polarltd"]}]}},"_links":{"self":[{"href":"https:\/\/www.polarltd.com\/de\/wp-json\/wp\/v2\/pages\/126"}],"collection":[{"href":"https:\/\/www.polarltd.com\/de\/wp-json\/wp\/v2\/pages"}],"about":[{"href":"https:\/\/www.polarltd.com\/de\/wp-json\/wp\/v2\/types\/page"}],"author":[{"embeddable":true,"href":"https:\/\/www.polarltd.com\/de\/wp-json\/wp\/v2\/users\/1"}],"replies":[{"embeddable":true,"href":"https:\/\/www.polarltd.com\/de\/wp-json\/wp\/v2\/comments?post=126"}],"version-history":[{"count":9,"href":"https:\/\/www.polarltd.com\/de\/wp-json\/wp\/v2\/pages\/126\/revisions"}],"predecessor-version":[{"id":1108,"href":"https:\/\/www.polarltd.com\/de\/wp-json\/wp\/v2\/pages\/126\/revisions\/1108"}],"wp:attachment":[{"href":"https:\/\/www.polarltd.com\/de\/wp-json\/wp\/v2\/media?parent=126"}],"curies":[{"name":"wp","href":"https:\/\/api.w.org\/{rel}","templated":true}]}}